{"id":1312,"date":"2024-12-16T14:28:37","date_gmt":"2024-12-16T14:28:37","guid":{"rendered":"https:\/\/microbio.world\/?page_id=1312"},"modified":"2024-12-19T00:45:57","modified_gmt":"2024-12-19T00:45:57","slug":"premios-certificacoes","status":"publish","type":"page","link":"https:\/\/microbio.world\/index.php\/premios-certificacoes\/","title":{"rendered":"Pr\u00eamios | Certifica\u00e7\u00f5es"},"content":{"rendered":"\n<p class=\"has-cyan-bluish-gray-color has-text-color has-link-color wp-elements-752714cdd3e227dab0fafeefd7bd6e91\" style=\"font-size:16px\"><strong>Em bela e disputada cerim\u00f4nia no Pal\u00e1cio de Kensyngton, Londres, o nosso CTO e Founder Est\u00e1cio F Ramos, MD, recebeu o GREEN APPLE ENVIRONMENTAL AWARD 2024, maior pr\u00eamio ambiental do Planeta. <\/strong><\/p>\n\n\n\n<p class=\"has-cyan-bluish-gray-color has-text-color has-link-color wp-elements-ceee2fa009bcc3217d9a4f27f6f3bb8a\" style=\"font-size:16px\"><strong>Essa conquista no p\u00f5e no rol das empresas mais inovadoras em governan\u00e7a ESG no planeta, ao lado de gigantes como SONY\u00ae Corporation, Springer Nature\u00ae, Olleco &amp; National Trust\u2122, Horiba\u00ae, Scottish National Bank, Taipei City Environment, Linxton, TrustGreen, e poucos outros.<\/strong><\/p>\n\n\n\n<figure class=\"wp-block-gallery has-nested-images columns-default is-cropped wp-block-gallery-1 is-layout-flex wp-block-gallery-is-layout-flex\">\n<figure class=\"wp-block-image size-large\"><img loading=\"lazy\" decoding=\"async\" width=\"818\" height=\"1024\" data-id=\"1316\" src=\"https:\/\/microbio.world\/wp-content\/uploads\/2024\/12\/GREEN-US-818x1024.jpg\" alt=\"\" class=\"wp-image-1316\" srcset=\"https:\/\/microbio.world\/wp-content\/uploads\/2024\/12\/GREEN-US-818x1024.jpg 818w, https:\/\/microbio.world\/wp-content\/uploads\/2024\/12\/GREEN-US-240x300.jpg 240w, https:\/\/microbio.world\/wp-content\/uploads\/2024\/12\/GREEN-US-768x961.jpg 768w, https:\/\/microbio.world\/wp-content\/uploads\/2024\/12\/GREEN-US.jpg 862w\" sizes=\"(max-width: 818px) 100vw, 818px\" \/><\/figure>\n\n\n\n<figure class=\"wp-block-image size-large\"><img loading=\"lazy\" decoding=\"async\" width=\"818\" height=\"1024\" data-id=\"1318\" src=\"https:\/\/microbio.world\/wp-content\/uploads\/2024\/12\/GREEN-ORANGE-818x1024.jpg\" alt=\"\" class=\"wp-image-1318\" srcset=\"https:\/\/microbio.world\/wp-content\/uploads\/2024\/12\/GREEN-ORANGE-818x1024.jpg 818w, https:\/\/microbio.world\/wp-content\/uploads\/2024\/12\/GREEN-ORANGE-240x300.jpg 240w, https:\/\/microbio.world\/wp-content\/uploads\/2024\/12\/GREEN-ORANGE-768x961.jpg 768w, https:\/\/microbio.world\/wp-content\/uploads\/2024\/12\/GREEN-ORANGE.jpg 848w\" sizes=\"(max-width: 818px) 100vw, 818px\" \/><\/figure>\n\n\n\n<figure class=\"wp-block-image size-large\"><img loading=\"lazy\" decoding=\"async\" width=\"819\" height=\"1024\" data-id=\"1317\" src=\"https:\/\/microbio.world\/wp-content\/uploads\/2024\/12\/GREEN-LAI-819x1024.jpg\" alt=\"\" class=\"wp-image-1317\" srcset=\"https:\/\/microbio.world\/wp-content\/uploads\/2024\/12\/GREEN-LAI-819x1024.jpg 819w, https:\/\/microbio.world\/wp-content\/uploads\/2024\/12\/GREEN-LAI-240x300.jpg 240w, https:\/\/microbio.world\/wp-content\/uploads\/2024\/12\/GREEN-LAI-768x960.jpg 768w, https:\/\/microbio.world\/wp-content\/uploads\/2024\/12\/GREEN-LAI.jpg 834w\" sizes=\"(max-width: 819px) 100vw, 819px\" \/><\/figure>\n<\/figure>\n\n\n\n<p class=\"has-cyan-bluish-gray-color has-text-color has-link-color wp-elements-919fd96805e8cfe42c3474da7a6c71a0\" style=\"font-size:16px\"><strong>Um Juri independente selecionou MicroBio World\u00ae e poucos outros, dentre mais de 1.200 empreendimentos ambientais em todo o mundo. Parab\u00e9ns \u00e0 nossa pequena equipe de colaboradores, sem os quais essa conquista n\u00e3o seria poss\u00edvel.<\/strong><\/p>\n\n\n\n<p><\/p>\n","protected":false},"excerpt":{"rendered":"<p>Em bela e disputada cerim\u00f4nia no Pal\u00e1cio de Kensyngton, Londres, o nosso CTO e Founder Est\u00e1cio F Ramos, MD, recebeu o GREEN APPLE ENVIRONMENTAL AWARD 2024, maior pr\u00eamio ambiental do Planeta. Essa conquista no p\u00f5e no rol das empresas mais inovadoras em governan\u00e7a ESG no planeta, ao lado de gigantes como SONY\u00ae Corporation, Springer Nature\u00ae, &hellip; <\/p>\n<p class=\"link-more\"><a href=\"https:\/\/microbio.world\/index.php\/premios-certificacoes\/\" class=\"more-link\">Leia mais<span class=\"screen-reader-text\"> &#8220;Pr\u00eamios | Certifica\u00e7\u00f5es&#8221;<\/span><\/a><\/p>\n","protected":false},"author":1,"featured_media":0,"parent":0,"menu_order":0,"comment_status":"closed","ping_status":"closed","template":"","meta":{"footnotes":""},"_links":{"self":[{"href":"https:\/\/microbio.world\/index.php\/wp-json\/wp\/v2\/pages\/1312"}],"collection":[{"href":"https:\/\/microbio.world\/index.php\/wp-json\/wp\/v2\/pages"}],"about":[{"href":"https:\/\/microbio.world\/index.php\/wp-json\/wp\/v2\/types\/page"}],"author":[{"embeddable":true,"href":"https:\/\/microbio.world\/index.php\/wp-json\/wp\/v2\/users\/1"}],"replies":[{"embeddable":true,"href":"https:\/\/microbio.world\/index.php\/wp-json\/wp\/v2\/comments?post=1312"}],"version-history":[{"count":8,"href":"https:\/\/microbio.world\/index.php\/wp-json\/wp\/v2\/pages\/1312\/revisions"}],"predecessor-version":[{"id":1334,"href":"https:\/\/microbio.world\/index.php\/wp-json\/wp\/v2\/pages\/1312\/revisions\/1334"}],"wp:attachment":[{"href":"https:\/\/microbio.world\/index.php\/wp-json\/wp\/v2\/media?parent=1312"}],"curies":[{"name":"wp","href":"https:\/\/api.w.org\/{rel}","templated":true}]}}