{"id":24,"date":"2023-08-23T23:05:56","date_gmt":"2023-08-23T23:05:56","guid":{"rendered":"https:\/\/microbio.world\/?page_id=24"},"modified":"2024-12-16T15:32:38","modified_gmt":"2024-12-16T15:32:38","slug":"beautiful-portfolios-for-exceptional-creatives","status":"publish","type":"page","link":"https:\/\/microbio.world\/","title":{"rendered":"Nanobiotecnologia Para um Mundo Melhor"},"content":{"rendered":"\n<p class=\"has-text-align-left has-cyan-bluish-gray-color has-text-color\" style=\"font-size:18px\"><strong>Inova\u00e7\u00e3o para limpar as \u00e1guas e o ar, preservar a vida do solo, reduzir pragas e doen\u00e7as, e aumentar a biomassa das lavouras e a convers\u00e3o das ra\u00e7\u00f5es na pecu\u00e1ria e nas granjas. Imagine um mundo mais org\u00e2nico, mais arom\u00e1tico, menos t\u00f3xico, mais verde, mais saud\u00e1vel para gentes, plantas, animais, e neg\u00f3cios<\/strong>. <\/p>\n\n\n\n<p class=\"has-text-align-left has-luminous-vivid-amber-color has-text-color has-link-color wp-elements-9d3110eb7fddab7b7ac535d9391aa77f\" style=\"font-size:24px\"><strong>Produtos para Resultados Superiores<\/strong><\/p>\n\n\n<div class=\"wp-block-image\">\n<figure class=\"alignright size-full is-resized\"><a href=\"https:\/\/microbio.world\/index.php\/premios-certificacoes\/\"><img loading=\"lazy\" decoding=\"async\" width=\"253\" height=\"378\" src=\"https:\/\/microbio.world\/wp-content\/uploads\/2024\/12\/GO_EA-WINNER-Logo-RGB-72DPI-24.png\" alt=\"\" class=\"wp-image-1187\" style=\"width:158px;height:auto\" srcset=\"https:\/\/microbio.world\/wp-content\/uploads\/2024\/12\/GO_EA-WINNER-Logo-RGB-72DPI-24.png 253w, https:\/\/microbio.world\/wp-content\/uploads\/2024\/12\/GO_EA-WINNER-Logo-RGB-72DPI-24-201x300.png 201w\" sizes=\"(max-width: 253px) 100vw, 253px\" \/><\/a><figcaption class=\"wp-element-caption\"><strong>Maior Pr\u00eamio Ambiental <\/strong><\/figcaption><\/figure><\/div>\n\n\n<p class=\"has-text-align-left has-cyan-bluish-gray-color has-text-color has-link-color wp-elements-d1565509b735a88ee7329bebff10d098\" style=\"font-size:18px\"><strong>Doze anos de pesquisa sobre o microbioma das florestas brasileiras visando solu\u00e7\u00f5es inovadoras para maior produtividade e maiores lucros na agropecu\u00e1ria, melhorias ambientais e outras aplica\u00e7\u00f5es.<\/strong> <\/p>\n\n\n\n<figure class=\"wp-block-image size-full\"><img loading=\"lazy\" decoding=\"async\" width=\"1024\" height=\"1024\" src=\"https:\/\/microbio.world\/wp-content\/uploads\/2024\/01\/esfera.br_view_from_behind_of_a_laboratory_scientist_holding_an_2f618746-029c-4cfa-bdc3-5b187fd210b0-1.png\" alt=\"\" class=\"wp-image-942\" srcset=\"https:\/\/microbio.world\/wp-content\/uploads\/2024\/01\/esfera.br_view_from_behind_of_a_laboratory_scientist_holding_an_2f618746-029c-4cfa-bdc3-5b187fd210b0-1.png 1024w, https:\/\/microbio.world\/wp-content\/uploads\/2024\/01\/esfera.br_view_from_behind_of_a_laboratory_scientist_holding_an_2f618746-029c-4cfa-bdc3-5b187fd210b0-1-300x300.png 300w, https:\/\/microbio.world\/wp-content\/uploads\/2024\/01\/esfera.br_view_from_behind_of_a_laboratory_scientist_holding_an_2f618746-029c-4cfa-bdc3-5b187fd210b0-1-150x150.png 150w, https:\/\/microbio.world\/wp-content\/uploads\/2024\/01\/esfera.br_view_from_behind_of_a_laboratory_scientist_holding_an_2f618746-029c-4cfa-bdc3-5b187fd210b0-1-768x768.png 768w\" sizes=\"(max-width: 1024px) 100vw, 1024px\" \/><\/figure>\n\n\n\n<div style=\"height:0px\" aria-hidden=\"true\" class=\"wp-block-spacer\"><\/div>\n\n\n\n<p class=\"has-text-align-left has-cyan-bluish-gray-color has-text-color\" style=\"font-size:18px\"><strong>N\u00e3o, n\u00e3o \u00e9 um sonho. \u00c9 ci\u00eancia e tecnologia aplicada, com  produtos 100% oriundos da natureza.<\/strong><\/p>\n\n\n<div class=\"wp-block-image\">\n<figure class=\"aligncenter size-full\"><img loading=\"lazy\" decoding=\"async\" width=\"1024\" height=\"1024\" src=\"https:\/\/microbio.world\/wp-content\/uploads\/2024\/01\/esfera.br_very_close_view_of_a_couple_of_bees_os_a_deep_red_flo_6492dda8-f698-412d-b2d1-850cad8385df.png\" alt=\"\" class=\"wp-image-916\" srcset=\"https:\/\/microbio.world\/wp-content\/uploads\/2024\/01\/esfera.br_very_close_view_of_a_couple_of_bees_os_a_deep_red_flo_6492dda8-f698-412d-b2d1-850cad8385df.png 1024w, https:\/\/microbio.world\/wp-content\/uploads\/2024\/01\/esfera.br_very_close_view_of_a_couple_of_bees_os_a_deep_red_flo_6492dda8-f698-412d-b2d1-850cad8385df-300x300.png 300w, https:\/\/microbio.world\/wp-content\/uploads\/2024\/01\/esfera.br_very_close_view_of_a_couple_of_bees_os_a_deep_red_flo_6492dda8-f698-412d-b2d1-850cad8385df-150x150.png 150w, https:\/\/microbio.world\/wp-content\/uploads\/2024\/01\/esfera.br_very_close_view_of_a_couple_of_bees_os_a_deep_red_flo_6492dda8-f698-412d-b2d1-850cad8385df-768x768.png 768w\" sizes=\"(max-width: 1024px) 100vw, 1024px\" \/><\/figure><\/div>\n\n\n<div class=\"wp-block-group alignfull has-black-background-color has-background is-layout-flow wp-block-group-is-layout-flow\"><div class=\"wp-block-group__inner-container\">\n<p class=\"has-text-align-center has-luminous-vivid-amber-color has-text-color\" style=\"font-size:24px\"><strong>Microrganismos MbW<\/strong>\u00ae <\/p>\n\n\n\n<figure class=\"wp-block-gallery aligncenter has-nested-images columns-4 is-cropped wp-block-gallery-1 is-layout-flex wp-block-gallery-is-layout-flex\">\n<figure class=\"wp-block-image size-full\"><img loading=\"lazy\" decoding=\"async\" width=\"1024\" height=\"1024\" src=\"https:\/\/microbio.world\/wp-content\/uploads\/2024\/01\/WASTE.png\" alt=\"\" class=\"wp-image-905\" style=\"aspect-ratio:4\/3;object-fit:cover\" srcset=\"https:\/\/microbio.world\/wp-content\/uploads\/2024\/01\/WASTE.png 1024w, https:\/\/microbio.world\/wp-content\/uploads\/2024\/01\/WASTE-300x300.png 300w, https:\/\/microbio.world\/wp-content\/uploads\/2024\/01\/WASTE-150x150.png 150w, https:\/\/microbio.world\/wp-content\/uploads\/2024\/01\/WASTE-768x768.png 768w\" sizes=\"(max-width: 1024px) 100vw, 1024px\" \/><figcaption class=\"wp-element-caption\"><strong>TRATAMENTO E MANEJO <\/strong><br><strong>DE RES\u00cdDUOS<\/strong><\/figcaption><\/figure>\n\n\n\n<figure class=\"wp-block-image size-full\"><img loading=\"lazy\" decoding=\"async\" width=\"1024\" height=\"1024\" src=\"https:\/\/microbio.world\/wp-content\/uploads\/2024\/01\/esfera.br_view_of_two_brazilian_workers_removing_many_big_grey__b15fcb7c-8576-409b-9b38-dbb66508f43f.png\" alt=\"\" class=\"wp-image-914\" srcset=\"https:\/\/microbio.world\/wp-content\/uploads\/2024\/01\/esfera.br_view_of_two_brazilian_workers_removing_many_big_grey__b15fcb7c-8576-409b-9b38-dbb66508f43f.png 1024w, https:\/\/microbio.world\/wp-content\/uploads\/2024\/01\/esfera.br_view_of_two_brazilian_workers_removing_many_big_grey__b15fcb7c-8576-409b-9b38-dbb66508f43f-300x300.png 300w, https:\/\/microbio.world\/wp-content\/uploads\/2024\/01\/esfera.br_view_of_two_brazilian_workers_removing_many_big_grey__b15fcb7c-8576-409b-9b38-dbb66508f43f-150x150.png 150w, https:\/\/microbio.world\/wp-content\/uploads\/2024\/01\/esfera.br_view_of_two_brazilian_workers_removing_many_big_grey__b15fcb7c-8576-409b-9b38-dbb66508f43f-768x768.png 768w\" sizes=\"(max-width: 1024px) 100vw, 1024px\" \/><figcaption class=\"wp-element-caption\"><strong>PSICULTURA E CARCINICULTURA<\/strong><\/figcaption><\/figure>\n\n\n\n<figure class=\"wp-block-image size-full\"><img loading=\"lazy\" decoding=\"async\" width=\"1024\" height=\"1024\" src=\"https:\/\/microbio.world\/wp-content\/uploads\/2024\/01\/esfera.br_a_young_brazilian_woman_working_in_a_large_very_green_3712738b-9b7e-420a-b8cb-df95524a0f69.png\" alt=\"\" class=\"wp-image-890\" srcset=\"https:\/\/microbio.world\/wp-content\/uploads\/2024\/01\/esfera.br_a_young_brazilian_woman_working_in_a_large_very_green_3712738b-9b7e-420a-b8cb-df95524a0f69.png 1024w, https:\/\/microbio.world\/wp-content\/uploads\/2024\/01\/esfera.br_a_young_brazilian_woman_working_in_a_large_very_green_3712738b-9b7e-420a-b8cb-df95524a0f69-300x300.png 300w, https:\/\/microbio.world\/wp-content\/uploads\/2024\/01\/esfera.br_a_young_brazilian_woman_working_in_a_large_very_green_3712738b-9b7e-420a-b8cb-df95524a0f69-150x150.png 150w, https:\/\/microbio.world\/wp-content\/uploads\/2024\/01\/esfera.br_a_young_brazilian_woman_working_in_a_large_very_green_3712738b-9b7e-420a-b8cb-df95524a0f69-768x768.png 768w\" sizes=\"(max-width: 1024px) 100vw, 1024px\" \/><figcaption class=\"wp-element-caption\"><strong>AQUACULTURA E HIDROP\u00d4NICA<\/strong><\/figcaption><\/figure>\n\n\n\n<figure class=\"wp-block-image size-full\"><img loading=\"lazy\" decoding=\"async\" width=\"1024\" height=\"1024\" src=\"https:\/\/microbio.world\/wp-content\/uploads\/2023\/09\/REFINARIA-1.png\" alt=\"\" class=\"wp-image-629\" srcset=\"https:\/\/microbio.world\/wp-content\/uploads\/2023\/09\/REFINARIA-1.png 1024w, https:\/\/microbio.world\/wp-content\/uploads\/2023\/09\/REFINARIA-1-300x300.png 300w, https:\/\/microbio.world\/wp-content\/uploads\/2023\/09\/REFINARIA-1-150x150.png 150w, https:\/\/microbio.world\/wp-content\/uploads\/2023\/09\/REFINARIA-1-768x768.png 768w\" sizes=\"(max-width: 1024px) 100vw, 1024px\" \/><figcaption class=\"wp-element-caption\"><strong> EFLUENTES, \u00c1GUAS POLU\u00cdDAS E ESGOTOS<\/strong><\/figcaption><\/figure>\n\n\n\n<figure class=\"wp-block-image size-full\"><img loading=\"lazy\" decoding=\"async\" width=\"1024\" height=\"1024\" src=\"https:\/\/microbio.world\/wp-content\/uploads\/2024\/01\/esfera.br_upper_lateral_view_of_many_gorgeous_confined_cattle_i_e8640213-a916-48eb-ba1c-74b1e23a5819.png\" alt=\"\" class=\"wp-image-906\" style=\"aspect-ratio:4\/3;object-fit:cover\" srcset=\"https:\/\/microbio.world\/wp-content\/uploads\/2024\/01\/esfera.br_upper_lateral_view_of_many_gorgeous_confined_cattle_i_e8640213-a916-48eb-ba1c-74b1e23a5819.png 1024w, https:\/\/microbio.world\/wp-content\/uploads\/2024\/01\/esfera.br_upper_lateral_view_of_many_gorgeous_confined_cattle_i_e8640213-a916-48eb-ba1c-74b1e23a5819-300x300.png 300w, https:\/\/microbio.world\/wp-content\/uploads\/2024\/01\/esfera.br_upper_lateral_view_of_many_gorgeous_confined_cattle_i_e8640213-a916-48eb-ba1c-74b1e23a5819-150x150.png 150w, https:\/\/microbio.world\/wp-content\/uploads\/2024\/01\/esfera.br_upper_lateral_view_of_many_gorgeous_confined_cattle_i_e8640213-a916-48eb-ba1c-74b1e23a5819-768x768.png 768w\" sizes=\"(max-width: 1024px) 100vw, 1024px\" \/><figcaption class=\"wp-element-caption\"><strong>PECU\u00c1RIA DE CORTE E LEITE E OUTROS ANIMAIS<\/strong><\/figcaption><\/figure>\n\n\n\n<figure class=\"wp-block-image size-full\"><img loading=\"lazy\" decoding=\"async\" width=\"1024\" height=\"1024\" src=\"https:\/\/microbio.world\/wp-content\/uploads\/2024\/01\/MBW-CROP-SOY.png\" alt=\"\" class=\"wp-image-903\" srcset=\"https:\/\/microbio.world\/wp-content\/uploads\/2024\/01\/MBW-CROP-SOY.png 1024w, https:\/\/microbio.world\/wp-content\/uploads\/2024\/01\/MBW-CROP-SOY-300x300.png 300w, https:\/\/microbio.world\/wp-content\/uploads\/2024\/01\/MBW-CROP-SOY-150x150.png 150w, https:\/\/microbio.world\/wp-content\/uploads\/2024\/01\/MBW-CROP-SOY-768x768.png 768w\" sizes=\"(max-width: 1024px) 100vw, 1024px\" \/><figcaption class=\"wp-element-caption\"><strong>AGRICULTURA DE PRECIS\u00c3O E PEQUENO PRODUTOR<\/strong><\/figcaption><\/figure>\n\n\n\n<figure class=\"wp-block-image size-large\"><img loading=\"lazy\" decoding=\"async\" width=\"1024\" height=\"1024\" src=\"https:\/\/microbio.world\/wp-content\/uploads\/2024\/01\/esfera.br_view_of_a_smiling_amazed_female_medical_doctor_showin_4af029b1-e84f-472a-86be-e1572e801b83.png\" alt=\"\" class=\"wp-image-893\" srcset=\"https:\/\/microbio.world\/wp-content\/uploads\/2024\/01\/esfera.br_view_of_a_smiling_amazed_female_medical_doctor_showin_4af029b1-e84f-472a-86be-e1572e801b83.png 1024w, https:\/\/microbio.world\/wp-content\/uploads\/2024\/01\/esfera.br_view_of_a_smiling_amazed_female_medical_doctor_showin_4af029b1-e84f-472a-86be-e1572e801b83-300x300.png 300w, https:\/\/microbio.world\/wp-content\/uploads\/2024\/01\/esfera.br_view_of_a_smiling_amazed_female_medical_doctor_showin_4af029b1-e84f-472a-86be-e1572e801b83-150x150.png 150w, https:\/\/microbio.world\/wp-content\/uploads\/2024\/01\/esfera.br_view_of_a_smiling_amazed_female_medical_doctor_showin_4af029b1-e84f-472a-86be-e1572e801b83-768x768.png 768w\" sizes=\"(max-width: 1024px) 100vw, 1024px\" \/><figcaption class=\"wp-element-caption\"><strong>MEDICINA<\/strong><\/figcaption><\/figure>\n\n\n\n<figure class=\"wp-block-image size-large\"><img loading=\"lazy\" decoding=\"async\" width=\"1024\" height=\"1024\" src=\"https:\/\/microbio.world\/wp-content\/uploads\/2024\/01\/esfera.br_a_handsome_afrodescendent_man_and_a_beautiful_young_c_9a794d84-6a53-49f5-8596-102f61b911d2.png\" alt=\"\" class=\"wp-image-895\" srcset=\"https:\/\/microbio.world\/wp-content\/uploads\/2024\/01\/esfera.br_a_handsome_afrodescendent_man_and_a_beautiful_young_c_9a794d84-6a53-49f5-8596-102f61b911d2.png 1024w, https:\/\/microbio.world\/wp-content\/uploads\/2024\/01\/esfera.br_a_handsome_afrodescendent_man_and_a_beautiful_young_c_9a794d84-6a53-49f5-8596-102f61b911d2-300x300.png 300w, https:\/\/microbio.world\/wp-content\/uploads\/2024\/01\/esfera.br_a_handsome_afrodescendent_man_and_a_beautiful_young_c_9a794d84-6a53-49f5-8596-102f61b911d2-150x150.png 150w, https:\/\/microbio.world\/wp-content\/uploads\/2024\/01\/esfera.br_a_handsome_afrodescendent_man_and_a_beautiful_young_c_9a794d84-6a53-49f5-8596-102f61b911d2-768x768.png 768w\" sizes=\"(max-width: 1024px) 100vw, 1024px\" \/><figcaption class=\"wp-element-caption\"><strong>SA\u00daDE &amp; FITNESS<\/strong><\/figcaption><\/figure>\n<\/figure>\n\n\n\n<p class=\"has-text-align-center has-cyan-bluish-gray-color has-text-color\" style=\"font-size:12px\"><a href=\"https:\/\/microbio.world\/index.php\/1026-2\/\">CLIQUE PARA SABER COMO MicorBio.World FAZ DIFEREN\u00c7A NA VIDA E NO MUNDO<\/a><\/p>\n\n\n\n<div class=\"wp-block-cover alignwide is-light has-parallax is-position-center-center\" style=\"min-height:387px\"><span aria-hidden=\"true\" class=\"wp-block-cover__background has-black-background-color has-background-dim-10 has-background-dim\"><\/span><div role=\"img\" class=\"wp-block-cover__image-background wp-image-918 has-parallax\" style=\"background-position:50% 50%;background-image:url(https:\/\/microbio.world\/wp-content\/uploads\/2024\/01\/esfera.br_a_gorgeous_creek_running_inside_the_amazon_forest_ama_05d4f1a5-d1d7-4797-85ce-600e6bf1cc83-1.png)\"><\/div><div class=\"wp-block-cover__inner-container is-layout-flow wp-block-cover-is-layout-flow\">\n<p class=\"has-text-align-center has-white-color has-text-color\"><strong>O poder das florestas operando nas cidades e no campo, nas agroind\u00fastrias, na sua vida. <\/strong><\/p>\n\n\n\n<p><\/p>\n\n\n\n<div class=\"wp-block-buttons alignwide has-custom-font-size has-small-font-size is-horizontal is-content-justification-center is-layout-flex wp-container-core-buttons-layout-1 wp-block-buttons-is-layout-flex\">\n<div class=\"wp-block-button is-style-outline\"><a class=\"wp-block-button__link has-luminous-vivid-amber-color has-text-color wp-element-button\" href=\"https:\/\/microbio.world\/index.php\/produtos-2\/\">SAIBA MAIS<\/a><\/div>\n<\/div>\n<\/div><\/div>\n<\/div><\/div>\n\n\n\n<div class=\"wp-block-group alignfull has-cyan-bluish-gray-color has-black-background-color has-text-color has-background is-layout-flow wp-block-group-is-layout-flow\"><div class=\"wp-block-group__inner-container\">\n<div class=\"wp-block-columns is-layout-flex wp-container-core-columns-layout-1 wp-block-columns-is-layout-flex\">\n<div class=\"wp-block-column is-vertically-aligned-center is-layout-flow wp-block-column-is-layout-flow\">\n<div class=\"wp-block-buttons has-custom-font-size has-small-font-size is-horizontal is-content-justification-center is-layout-flex wp-container-core-buttons-layout-2 wp-block-buttons-is-layout-flex\">\n<div class=\"wp-block-button is-style-outline\"><a class=\"wp-block-button__link has-luminous-vivid-amber-color has-black-background-color has-text-color has-background has-text-align-center wp-element-button\" href=\"https:\/\/microbio.world\/index.php\/contato\/\">CONTATO<\/a><\/div>\n<\/div>\n\n\n<div class=\"wp-block-image\">\n<figure class=\"aligncenter size-full is-resized\"><img loading=\"lazy\" decoding=\"async\" width=\"350\" height=\"350\" src=\"https:\/\/microbio.world\/wp-content\/uploads\/2024\/12\/AMCHAN-HUB-C.png\" alt=\"\" class=\"wp-image-1217\" style=\"width:171px;height:auto\" srcset=\"https:\/\/microbio.world\/wp-content\/uploads\/2024\/12\/AMCHAN-HUB-C.png 350w, https:\/\/microbio.world\/wp-content\/uploads\/2024\/12\/AMCHAN-HUB-C-300x300.png 300w, https:\/\/microbio.world\/wp-content\/uploads\/2024\/12\/AMCHAN-HUB-C-150x150.png 150w\" sizes=\"(max-width: 350px) 100vw, 350px\" \/><\/figure><\/div><\/div>\n<\/div>\n<\/div><\/div>\n","protected":false},"excerpt":{"rendered":"<p>Inova\u00e7\u00e3o para limpar as \u00e1guas e o ar, preservar a vida do solo, reduzir pragas e doen\u00e7as, e aumentar a biomassa das lavouras e a convers\u00e3o das ra\u00e7\u00f5es na pecu\u00e1ria e nas granjas. Imagine um mundo mais org\u00e2nico, mais arom\u00e1tico, menos t\u00f3xico, mais verde, mais saud\u00e1vel para gentes, plantas, animais, e neg\u00f3cios. Produtos para Resultados &hellip; <\/p>\n<p class=\"link-more\"><a href=\"https:\/\/microbio.world\/\" class=\"more-link\">Leia mais<span class=\"screen-reader-text\"> &#8220;Nanobiotecnologia Para um Mundo Melhor&#8221;<\/span><\/a><\/p>\n","protected":false},"author":1,"featured_media":1187,"parent":0,"menu_order":0,"comment_status":"closed","ping_status":"closed","template":"","meta":{"footnotes":""},"_links":{"self":[{"href":"https:\/\/microbio.world\/index.php\/wp-json\/wp\/v2\/pages\/24"}],"collection":[{"href":"https:\/\/microbio.world\/index.php\/wp-json\/wp\/v2\/pages"}],"about":[{"href":"https:\/\/microbio.world\/index.php\/wp-json\/wp\/v2\/types\/page"}],"author":[{"embeddable":true,"href":"https:\/\/microbio.world\/index.php\/wp-json\/wp\/v2\/users\/1"}],"replies":[{"embeddable":true,"href":"https:\/\/microbio.world\/index.php\/wp-json\/wp\/v2\/comments?post=24"}],"version-history":[{"count":207,"href":"https:\/\/microbio.world\/index.php\/wp-json\/wp\/v2\/pages\/24\/revisions"}],"predecessor-version":[{"id":1328,"href":"https:\/\/microbio.world\/index.php\/wp-json\/wp\/v2\/pages\/24\/revisions\/1328"}],"wp:featuredmedia":[{"embeddable":true,"href":"https:\/\/microbio.world\/index.php\/wp-json\/wp\/v2\/media\/1187"}],"wp:attachment":[{"href":"https:\/\/microbio.world\/index.php\/wp-json\/wp\/v2\/media?parent=24"}],"curies":[{"name":"wp","href":"https:\/\/api.w.org\/{rel}","templated":true}]}}