{"id":391,"date":"2023-09-01T21:45:40","date_gmt":"2023-09-01T21:45:40","guid":{"rendered":"https:\/\/microbio.world\/?page_id=391"},"modified":"2024-12-16T13:05:56","modified_gmt":"2024-12-16T13:05:56","slug":"mbw-acqua-ficha-tecnica","status":"publish","type":"page","link":"https:\/\/microbio.world\/index.php\/mbw-acqua-ficha-tecnica\/","title":{"rendered":"MbW Acqua | Ficha T\u00e9cnica"},"content":{"rendered":"\n<p class=\"has-cyan-bluish-gray-color has-text-color\" style=\"font-size:16px\"><strong>Aditivo Biol\u00f3gico Org\u00e2nico Estabilizador da \u00c1gua<\/strong>, especialmente importante para a a sa\u00fade dos mananciais. <\/p>\n\n\n\n<p class=\"has-cyan-bluish-gray-color has-text-color\" style=\"font-size:16px\">Na carcinicultura e na psicultura, promove a sa\u00fade e o ganho de peso dos animais, e reduz o ciclo de cultivo atrav\u00e9s da maior efic\u00eancia na convers\u00e3o da ra\u00e7\u00e3o. Reduz doen\u00e7as e mortalidade, algas e nitritos nos viveiros; aumenta a limpidez da \u00e1gua, e reduz a necessidade de trocas parciais. Promove os mesmos benef\u00edcios em aqu\u00e1rios e criadouros de \u00e1gua doce ou salgada.<\/p>\n\n\n\n<p class=\"has-cyan-bluish-gray-color has-text-color\" style=\"font-size:16px\">Com o uso progressivo, decai a necessidade do produto, reduzindo o custo e aumentando a produtividade e a lucratividade. <\/p>\n\n\n\n<p class=\"has-cyan-bluish-gray-color has-text-color\" style=\"font-size:16px\">Excelente para a biorremedia\u00e7\u00e3o de lagoas e a\u00e7udes, \u00e1guas contaminadas e\/ou polu\u00eddas, dep\u00f3sitos de efluentes, e centrais de tratamento. Reduz a mat\u00e9ria org\u00e2nica e os dep\u00f3sitos de lodo, suprime a flora produtora de metano, hidretos e sulfetos, desnitrifica e produz impacto ambiental positivo.<\/p>\n\n\n\n<p class=\"has-cyan-bluish-gray-color has-text-color\" style=\"font-size:16px\">Composto por microrganismos naturais cultivados, oriundos dos microbiomais brasileiros, sem organismos geneticamente modificados, sem pat\u00f3genos ou subst\u00e2ncias qu\u00edmicas, e atua na redu\u00e7\u00e3o do ac\u00famulo de lodo org\u00e2nico no fundo dos viveiros e promove a manuten\u00e7\u00e3o do ciclo biol\u00f3gico do nitrog\u00eanio, captura o carbono, e previne a turbidez da \u00e1gua.<\/p>\n\n\n\n<p class=\"has-cyan-bluish-gray-color has-text-color\" style=\"font-size:16px\">Iniciar o uso com 3 Litros por Hectare (profundidade m\u00e9dia de um metro) a cada dez dias, reduzindo para 2 Litros por Hectare ap\u00f3s quatro semanas. Uma vez estabilizada, a sa\u00fade da \u00e1gua ser\u00e1 mantida com 1 Litro por Hectare, por semana. A depender do porte e quantidade de animais por Hectare, pode ser necess\u00e1rio ajustes nas quantidades. Um especialista poder\u00e1 ajudar no uso do produto.<\/p>\n","protected":false},"excerpt":{"rendered":"<p>Aditivo Biol\u00f3gico Org\u00e2nico Estabilizador da \u00c1gua, especialmente importante para a a sa\u00fade dos mananciais. Na carcinicultura e na psicultura, promove a sa\u00fade e o ganho de peso dos animais, e reduz o ciclo de cultivo atrav\u00e9s da maior efic\u00eancia na convers\u00e3o da ra\u00e7\u00e3o. Reduz doen\u00e7as e mortalidade, algas e nitritos nos viveiros; aumenta a limpidez &hellip; <\/p>\n<p class=\"link-more\"><a href=\"https:\/\/microbio.world\/index.php\/mbw-acqua-ficha-tecnica\/\" class=\"more-link\">Leia mais<span class=\"screen-reader-text\"> &#8220;MbW Acqua | Ficha T\u00e9cnica&#8221;<\/span><\/a><\/p>\n","protected":false},"author":1,"featured_media":0,"parent":0,"menu_order":0,"comment_status":"closed","ping_status":"closed","template":"","meta":{"footnotes":""},"_links":{"self":[{"href":"https:\/\/microbio.world\/index.php\/wp-json\/wp\/v2\/pages\/391"}],"collection":[{"href":"https:\/\/microbio.world\/index.php\/wp-json\/wp\/v2\/pages"}],"about":[{"href":"https:\/\/microbio.world\/index.php\/wp-json\/wp\/v2\/types\/page"}],"author":[{"embeddable":true,"href":"https:\/\/microbio.world\/index.php\/wp-json\/wp\/v2\/users\/1"}],"replies":[{"embeddable":true,"href":"https:\/\/microbio.world\/index.php\/wp-json\/wp\/v2\/comments?post=391"}],"version-history":[{"count":5,"href":"https:\/\/microbio.world\/index.php\/wp-json\/wp\/v2\/pages\/391\/revisions"}],"predecessor-version":[{"id":1302,"href":"https:\/\/microbio.world\/index.php\/wp-json\/wp\/v2\/pages\/391\/revisions\/1302"}],"wp:attachment":[{"href":"https:\/\/microbio.world\/index.php\/wp-json\/wp\/v2\/media?parent=391"}],"curies":[{"name":"wp","href":"https:\/\/api.w.org\/{rel}","templated":true}]}}