{"id":52,"date":"2023-08-23T23:53:16","date_gmt":"2023-08-23T23:53:16","guid":{"rendered":"https:\/\/microbio.world\/?page_id=52"},"modified":"2024-12-28T00:17:17","modified_gmt":"2024-12-28T00:17:17","slug":"contato","status":"publish","type":"page","link":"https:\/\/microbio.world\/index.php\/contato\/","title":{"rendered":"Contato"},"content":{"rendered":"\n<figure class=\"wp-block-image alignwide size-full\"><img loading=\"lazy\" decoding=\"async\" width=\"1024\" height=\"1024\" src=\"https:\/\/microbio.world\/wp-content\/uploads\/2024\/01\/esfera.br_one_young_pretty_brazilian_woman_and_two_handsome_you_10d86973-8252-49c0-b3e2-12dc2e0ba19b.png\" alt=\"\" class=\"wp-image-920\" srcset=\"https:\/\/microbio.world\/wp-content\/uploads\/2024\/01\/esfera.br_one_young_pretty_brazilian_woman_and_two_handsome_you_10d86973-8252-49c0-b3e2-12dc2e0ba19b.png 1024w, https:\/\/microbio.world\/wp-content\/uploads\/2024\/01\/esfera.br_one_young_pretty_brazilian_woman_and_two_handsome_you_10d86973-8252-49c0-b3e2-12dc2e0ba19b-300x300.png 300w, https:\/\/microbio.world\/wp-content\/uploads\/2024\/01\/esfera.br_one_young_pretty_brazilian_woman_and_two_handsome_you_10d86973-8252-49c0-b3e2-12dc2e0ba19b-150x150.png 150w, https:\/\/microbio.world\/wp-content\/uploads\/2024\/01\/esfera.br_one_young_pretty_brazilian_woman_and_two_handsome_you_10d86973-8252-49c0-b3e2-12dc2e0ba19b-768x768.png 768w\" sizes=\"(max-width: 1024px) 100vw, 1024px\" \/><\/figure>\n\n\n\n<p class=\"has-cyan-bluish-gray-color has-text-color\" style=\"font-size:14px\"><strong>Enquanto ampliamos a nossa capacidade, estamos atendendo \u00e0s demandas individualmente, projeto a projeto<\/strong>, <strong>apenas para testes.<\/strong><\/p>\n\n\n\n<p class=\"has-cyan-bluish-gray-color has-text-color\" style=\"font-size:14px\"><strong>Fale com a gente. Traga a sua ideia ou necessidade para a avalia\u00e7\u00e3o de um especialista em sustentabilidade. <\/strong><\/p>\n\n\n\n<p class=\"has-cyan-bluish-gray-color has-text-color\" style=\"font-size:14px\"><strong>A articula\u00e7\u00e3o com o mercado \u00e9 feita por profissionais liderados por Eug\u00eanio Lassere Badar\u00f3, reconhecido ambientalsta<\/strong>.<\/p>\n\n\n\n<p class=\"has-cyan-bluish-gray-color has-text-color\" style=\"font-size:14px\"><strong>Voc\u00ea n\u00e3o imagina o que os nossos microorganismos poder\u00e3o fazer pelo seu neg\u00f3cio.<\/strong><\/p>\n\n\n\n<p class=\"has-cyan-bluish-gray-color has-text-color\" style=\"font-size:14px\"><strong>WhatsApp (71)999003874 <\/strong> |  <strong>contato@microbio.world<\/strong> |<\/p>\n\n\n\n<figure class=\"wp-block-image alignwide size-full\"><img loading=\"lazy\" decoding=\"async\" width=\"1024\" height=\"1024\" src=\"https:\/\/microbio.world\/wp-content\/uploads\/2024\/01\/BIOREACTOR.png\" alt=\"\" class=\"wp-image-922\" srcset=\"https:\/\/microbio.world\/wp-content\/uploads\/2024\/01\/BIOREACTOR.png 1024w, https:\/\/microbio.world\/wp-content\/uploads\/2024\/01\/BIOREACTOR-300x300.png 300w, https:\/\/microbio.world\/wp-content\/uploads\/2024\/01\/BIOREACTOR-150x150.png 150w, https:\/\/microbio.world\/wp-content\/uploads\/2024\/01\/BIOREACTOR-768x768.png 768w\" sizes=\"(max-width: 1024px) 100vw, 1024px\" \/><\/figure>\n\n\n<div class=\"wp-block-image\">\n<figure class=\"alignright size-full is-resized\"><img loading=\"lazy\" decoding=\"async\" width=\"839\" height=\"842\" src=\"https:\/\/microbio.world\/wp-content\/uploads\/2024\/12\/cropped-PNG-1-ESTACIO.png\" alt=\"\" class=\"wp-image-1342\" style=\"object-fit:cover;width:135px;height:135px\" srcset=\"https:\/\/microbio.world\/wp-content\/uploads\/2024\/12\/cropped-PNG-1-ESTACIO.png 839w, https:\/\/microbio.world\/wp-content\/uploads\/2024\/12\/cropped-PNG-1-ESTACIO-300x300.png 300w, https:\/\/microbio.world\/wp-content\/uploads\/2024\/12\/cropped-PNG-1-ESTACIO-150x150.png 150w, https:\/\/microbio.world\/wp-content\/uploads\/2024\/12\/cropped-PNG-1-ESTACIO-768x771.png 768w\" sizes=\"(max-width: 839px) 100vw, 839px\" \/><\/figure><\/div>","protected":false},"excerpt":{"rendered":"<p>Enquanto ampliamos a nossa capacidade, estamos atendendo \u00e0s demandas individualmente, projeto a projeto, apenas para testes. Fale com a gente. Traga a sua ideia ou necessidade para a avalia\u00e7\u00e3o de um especialista em sustentabilidade. A articula\u00e7\u00e3o com o mercado \u00e9 feita por profissionais liderados por Eug\u00eanio Lassere Badar\u00f3, reconhecido ambientalsta. Voc\u00ea n\u00e3o imagina o que &hellip; <\/p>\n<p class=\"link-more\"><a href=\"https:\/\/microbio.world\/index.php\/contato\/\" class=\"more-link\">Leia mais<span class=\"screen-reader-text\"> &#8220;Contato&#8221;<\/span><\/a><\/p>\n","protected":false},"author":1,"featured_media":0,"parent":0,"menu_order":0,"comment_status":"closed","ping_status":"closed","template":"","meta":{"footnotes":""},"_links":{"self":[{"href":"https:\/\/microbio.world\/index.php\/wp-json\/wp\/v2\/pages\/52"}],"collection":[{"href":"https:\/\/microbio.world\/index.php\/wp-json\/wp\/v2\/pages"}],"about":[{"href":"https:\/\/microbio.world\/index.php\/wp-json\/wp\/v2\/types\/page"}],"author":[{"embeddable":true,"href":"https:\/\/microbio.world\/index.php\/wp-json\/wp\/v2\/users\/1"}],"replies":[{"embeddable":true,"href":"https:\/\/microbio.world\/index.php\/wp-json\/wp\/v2\/comments?post=52"}],"version-history":[{"count":54,"href":"https:\/\/microbio.world\/index.php\/wp-json\/wp\/v2\/pages\/52\/revisions"}],"predecessor-version":[{"id":1343,"href":"https:\/\/microbio.world\/index.php\/wp-json\/wp\/v2\/pages\/52\/revisions\/1343"}],"wp:attachment":[{"href":"https:\/\/microbio.world\/index.php\/wp-json\/wp\/v2\/media?parent=52"}],"curies":[{"name":"wp","href":"https:\/\/api.w.org\/{rel}","templated":true}]}}