{"id":54,"date":"2023-08-23T23:53:16","date_gmt":"2023-08-23T23:53:16","guid":{"rendered":"https:\/\/microbio.world\/?page_id=54"},"modified":"2024-03-10T20:52:41","modified_gmt":"2024-03-10T20:52:41","slug":"nanobiotica","status":"publish","type":"page","link":"https:\/\/microbio.world\/index.php\/nanobiotica\/","title":{"rendered":"Ci\u00eancia | Patentes"},"content":{"rendered":"\n<p class=\"has-luminous-vivid-amber-color has-text-color\" style=\"font-size:22px\"><strong>Nanobi\u00f3tica<\/strong><\/p>\n\n\n\n<p class=\"has-cyan-bluish-gray-color has-text-color\" style=\"font-size:15px\"><strong>O not\u00e1vel crescimento do conhecimento sobre microbioma do planeta favorece o entendimento de fun\u00e7\u00f5es dos microrganismos, das suas intera\u00e7\u00f5es, a import\u00e2ncia de diferentes esp\u00e9cies, e os seus efeitos ambientais e probi\u00f3ticos ben\u00e9ficos<\/strong>.<\/p>\n\n\n\n<figure class=\"wp-block-gallery has-nested-images columns-default is-cropped wp-block-gallery-1 is-layout-flex wp-block-gallery-is-layout-flex\">\n<figure class=\"wp-block-image size-large\"><img loading=\"lazy\" decoding=\"async\" width=\"1024\" height=\"1024\" data-id=\"951\" src=\"https:\/\/microbio.world\/wp-content\/uploads\/2024\/01\/esfera.br_amazing_view_of_a_couple_of_scientists_working_with_a_d4196079-180b-40e9-a17c-d6a66f568112.png\" alt=\"\" class=\"wp-image-951\" srcset=\"https:\/\/microbio.world\/wp-content\/uploads\/2024\/01\/esfera.br_amazing_view_of_a_couple_of_scientists_working_with_a_d4196079-180b-40e9-a17c-d6a66f568112.png 1024w, https:\/\/microbio.world\/wp-content\/uploads\/2024\/01\/esfera.br_amazing_view_of_a_couple_of_scientists_working_with_a_d4196079-180b-40e9-a17c-d6a66f568112-300x300.png 300w, https:\/\/microbio.world\/wp-content\/uploads\/2024\/01\/esfera.br_amazing_view_of_a_couple_of_scientists_working_with_a_d4196079-180b-40e9-a17c-d6a66f568112-150x150.png 150w, https:\/\/microbio.world\/wp-content\/uploads\/2024\/01\/esfera.br_amazing_view_of_a_couple_of_scientists_working_with_a_d4196079-180b-40e9-a17c-d6a66f568112-768x768.png 768w\" sizes=\"(max-width: 1024px) 100vw, 1024px\" \/><\/figure>\n\n\n\n<figure class=\"wp-block-image size-large\"><img loading=\"lazy\" decoding=\"async\" width=\"1024\" height=\"667\" data-id=\"156\" src=\"https:\/\/microbio.world\/wp-content\/uploads\/2023\/08\/esfera.br_amazing_view_of_a_multilevel_very_green_rice_plantati_9e7e8caf-6e32-4308-9706-31d903a1f6b1.png\" alt=\"\" class=\"wp-image-156\" srcset=\"https:\/\/microbio.world\/wp-content\/uploads\/2023\/08\/esfera.br_amazing_view_of_a_multilevel_very_green_rice_plantati_9e7e8caf-6e32-4308-9706-31d903a1f6b1.png 1024w, https:\/\/microbio.world\/wp-content\/uploads\/2023\/08\/esfera.br_amazing_view_of_a_multilevel_very_green_rice_plantati_9e7e8caf-6e32-4308-9706-31d903a1f6b1-300x195.png 300w, https:\/\/microbio.world\/wp-content\/uploads\/2023\/08\/esfera.br_amazing_view_of_a_multilevel_very_green_rice_plantati_9e7e8caf-6e32-4308-9706-31d903a1f6b1-768x500.png 768w\" sizes=\"(max-width: 1024px) 100vw, 1024px\" \/><\/figure>\n<\/figure>\n\n\n\n<p class=\"has-cyan-bluish-gray-color has-text-color\" style=\"font-size:15px\"><strong>Gra\u00e7as a esse conhecimento, a experimenta\u00e7\u00e3o em campo de diferentes popula\u00e7\u00f5es permitiu constatar os efeitos favor\u00e1veis dos microrganismos \u00e0 vida, \u00e0s lavouras, aos animais, aos seres humanos e ao ambiente, permitindo expandir cultivos ricos e poderosos para a composi\u00e7\u00e3o de produtos naturais de extrema utilidade em numerosas aplica\u00e7\u00f5es.<\/strong><\/p>\n\n\n\n<figure class=\"wp-block-gallery has-nested-images columns-default is-cropped wp-block-gallery-2 is-layout-flex wp-block-gallery-is-layout-flex\">\n<figure class=\"wp-block-image size-full\"><img loading=\"lazy\" decoding=\"async\" width=\"1024\" height=\"1024\" data-id=\"684\" src=\"https:\/\/microbio.world\/wp-content\/uploads\/2023\/09\/PETRI-DISH.png\" alt=\"\" class=\"wp-image-684\" style=\"aspect-ratio:4\/3;object-fit:cover\" srcset=\"https:\/\/microbio.world\/wp-content\/uploads\/2023\/09\/PETRI-DISH.png 1024w, https:\/\/microbio.world\/wp-content\/uploads\/2023\/09\/PETRI-DISH-300x300.png 300w, https:\/\/microbio.world\/wp-content\/uploads\/2023\/09\/PETRI-DISH-150x150.png 150w, https:\/\/microbio.world\/wp-content\/uploads\/2023\/09\/PETRI-DISH-768x768.png 768w\" sizes=\"(max-width: 1024px) 100vw, 1024px\" \/><\/figure>\n\n\n\n<figure class=\"wp-block-image size-full\"><img loading=\"lazy\" decoding=\"async\" width=\"1024\" height=\"1024\" data-id=\"952\" src=\"https:\/\/microbio.world\/wp-content\/uploads\/2024\/01\/esfera.br_a_male_scientist_on_a_white_coat_works_in_a_modern_mi_58a6a040-211b-4315-88fd-3c5a61d34fb8-1.png\" alt=\"\" class=\"wp-image-952\" srcset=\"https:\/\/microbio.world\/wp-content\/uploads\/2024\/01\/esfera.br_a_male_scientist_on_a_white_coat_works_in_a_modern_mi_58a6a040-211b-4315-88fd-3c5a61d34fb8-1.png 1024w, https:\/\/microbio.world\/wp-content\/uploads\/2024\/01\/esfera.br_a_male_scientist_on_a_white_coat_works_in_a_modern_mi_58a6a040-211b-4315-88fd-3c5a61d34fb8-1-300x300.png 300w, https:\/\/microbio.world\/wp-content\/uploads\/2024\/01\/esfera.br_a_male_scientist_on_a_white_coat_works_in_a_modern_mi_58a6a040-211b-4315-88fd-3c5a61d34fb8-1-150x150.png 150w, https:\/\/microbio.world\/wp-content\/uploads\/2024\/01\/esfera.br_a_male_scientist_on_a_white_coat_works_in_a_modern_mi_58a6a040-211b-4315-88fd-3c5a61d34fb8-1-768x768.png 768w\" sizes=\"(max-width: 1024px) 100vw, 1024px\" \/><\/figure>\n<\/figure>\n\n\n\n<p class=\"has-text-align-center has-luminous-vivid-amber-color has-text-color has-x-large-font-size\"><strong>. . .<\/strong><\/p>\n\n\n\n<p class=\"has-luminous-vivid-amber-color has-text-color\" style=\"font-size:22px\"><strong>Metagen\u00f4mica de Microrganismos<\/strong><\/p>\n\n\n\n<p class=\"has-cyan-bluish-gray-color has-text-color\" style=\"font-size:15px\"><strong>A foligen\u00f4mica e disponibilidade de sequenciamento do DNA, e identifica\u00e7\u00e3o molecular de popula\u00e7\u00f5es complexas de microrganismos, possibilitaram um salto tecnol\u00f3gico que favoreceu o desenvolvimento de produtos especificamente voltados a diferentes aplica\u00e7\u00f5es.   <\/strong><\/p>\n\n\n\n<figure class=\"wp-block-image size-full\"><img loading=\"lazy\" decoding=\"async\" width=\"983\" height=\"867\" src=\"https:\/\/microbio.world\/wp-content\/uploads\/2023\/08\/MICROGENOMICS.png\" alt=\"\" class=\"wp-image-286\" style=\"aspect-ratio:3\/2;object-fit:cover\" srcset=\"https:\/\/microbio.world\/wp-content\/uploads\/2023\/08\/MICROGENOMICS.png 983w, https:\/\/microbio.world\/wp-content\/uploads\/2023\/08\/MICROGENOMICS-300x265.png 300w, https:\/\/microbio.world\/wp-content\/uploads\/2023\/08\/MICROGENOMICS-768x677.png 768w\" sizes=\"(max-width: 983px) 100vw, 983px\" \/><\/figure>\n\n\n\n<p><\/p>\n\n\n\n<p class=\"has-cyan-bluish-gray-color has-text-color\" style=\"font-size:10px\">Phylogenomics of 10,575 genomes reveals evolutionary proximity between domains Bacteria and Archaea<\/p>\n\n\n\n<p class=\"has-cyan-bluish-gray-color has-text-color\" style=\"font-size:10px\"><a href=\"https:\/\/www.nature.com\/ncomms\"><em>Nature Communications<\/em><\/a>&nbsp;<strong>volume&nbsp;10<\/strong>, Article&nbsp;number:&nbsp;5477&nbsp;(2019)&nbsp;<\/p>\n\n\n\n<p class=\"has-text-align-center has-luminous-vivid-amber-color has-text-color has-x-large-font-size\"><strong>. . . <\/strong><\/p>\n\n\n\n<p class=\"has-luminous-vivid-amber-color has-text-color\" style=\"font-size:22px\"><strong>Marcas | Patentes <\/strong><\/p>\n\n\n\n<p class=\"has-cyan-bluish-gray-color has-text-color\" style=\"font-size:15px\"><strong>Embora haja um corrida global pelo registro de patentes de ativos biol\u00f3gicos, isso n\u00e3o se aplica aos nossos microrganismos, que s\u00e3o posse exclusiva da natureza. N\u00f3s apenas multiplicamos fungos e bact\u00e9rias n\u00e3o modificadas da Mata Atl\u00e2ntica brasileira em fermentadores, em meios de cultivo 100% org\u00e2nicos e livres de subst\u00e2ncias qu\u00edmicas ou de origem animal.<\/strong><\/p>\n\n\n\n<p class=\"has-pale-cyan-blue-color has-text-color\" style=\"font-size:10px\"><strong>microbio.world<\/strong>\u00ae, <strong>MbW Acqua<\/strong>\u00ae, <strong>MbW Crop<\/strong>\u00ae, <strong>MbW Base<\/strong>\u00ae e <strong>Mbw Animal<\/strong>\u00ae s\u00e3o marcas de produtos registradas de CYTOMICA\u00ae Inc, Brasil.<\/p>\n\n\n\n<p><\/p>\n","protected":false},"excerpt":{"rendered":"<p>Nanobi\u00f3tica O not\u00e1vel crescimento do conhecimento sobre microbioma do planeta favorece o entendimento de fun\u00e7\u00f5es dos microrganismos, das suas intera\u00e7\u00f5es, a import\u00e2ncia de diferentes esp\u00e9cies, e os seus efeitos ambientais e probi\u00f3ticos ben\u00e9ficos. Gra\u00e7as a esse conhecimento, a experimenta\u00e7\u00e3o em campo de diferentes popula\u00e7\u00f5es permitiu constatar os efeitos favor\u00e1veis dos microrganismos \u00e0 vida, \u00e0s lavouras, &hellip; <\/p>\n<p class=\"link-more\"><a href=\"https:\/\/microbio.world\/index.php\/nanobiotica\/\" class=\"more-link\">Leia mais<span class=\"screen-reader-text\"> &#8220;Ci\u00eancia | Patentes&#8221;<\/span><\/a><\/p>\n","protected":false},"author":1,"featured_media":0,"parent":0,"menu_order":0,"comment_status":"closed","ping_status":"closed","template":"","meta":{"footnotes":""},"_links":{"self":[{"href":"https:\/\/microbio.world\/index.php\/wp-json\/wp\/v2\/pages\/54"}],"collection":[{"href":"https:\/\/microbio.world\/index.php\/wp-json\/wp\/v2\/pages"}],"about":[{"href":"https:\/\/microbio.world\/index.php\/wp-json\/wp\/v2\/types\/page"}],"author":[{"embeddable":true,"href":"https:\/\/microbio.world\/index.php\/wp-json\/wp\/v2\/users\/1"}],"replies":[{"embeddable":true,"href":"https:\/\/microbio.world\/index.php\/wp-json\/wp\/v2\/comments?post=54"}],"version-history":[{"count":26,"href":"https:\/\/microbio.world\/index.php\/wp-json\/wp\/v2\/pages\/54\/revisions"}],"predecessor-version":[{"id":1083,"href":"https:\/\/microbio.world\/index.php\/wp-json\/wp\/v2\/pages\/54\/revisions\/1083"}],"wp:attachment":[{"href":"https:\/\/microbio.world\/index.php\/wp-json\/wp\/v2\/media?parent=54"}],"curies":[{"name":"wp","href":"https:\/\/api.w.org\/{rel}","templated":true}]}}