{"id":55,"date":"2023-08-23T23:53:16","date_gmt":"2023-08-23T23:53:16","guid":{"rendered":"https:\/\/microbio.world\/?page_id=55"},"modified":"2024-12-19T01:24:50","modified_gmt":"2024-12-19T01:24:50","slug":"produtos-2","status":"publish","type":"page","link":"https:\/\/microbio.world\/index.php\/produtos-2\/","title":{"rendered":"Produtos"},"content":{"rendered":"\n<p class=\"has-cyan-bluish-gray-color has-text-color has-link-color wp-elements-80377494bcb80f9f89bdce0ac65dcd22\" style=\"font-size:16px\"><strong>Preferimos ver os nossos produtos como biosolu\u00e7\u00f5es, pois representam poderes da exuberante vida das matas amplificados em biorreatores. Cada vez que uma dessas solu\u00e7\u00f5es \u00e9 aplicada, e um problema \u00e9 resolvido, a Terra recebe de volta trilh\u00f5es de vezes mais vida do que foi retirada dela para produzir a solu\u00e7\u00e3o. Os poucos produtos que j\u00e1 dispomos e testamos, se aplicados em larga escala resolver\u00e3o os maiores problemas do mundo. E novos produtos est\u00e3o no nosso pipeline, j\u00e1 em testes.<\/strong><\/p>\n\n\n\n<p class=\"has-text-align-center has-luminous-vivid-amber-color has-text-color has-link-color wp-elements-457fe9d87d482bdd21fa33c247d1320b\" style=\"font-size:40px\">. . .<\/p>\n\n\n\n<p class=\"has-luminous-vivid-amber-color has-text-color\" style=\"font-size:22px\"><strong>MbW Crop<\/strong>\u00ae <\/p>\n\n\n\n<p class=\"has-cyan-bluish-gray-color has-text-color has-link-color wp-elements-6480b17e47d88800343c41344d326da1\" style=\"font-size:15px\"><strong>Produto l\u00edquido de baixo custo e alta performance, para aplica\u00e7\u00e3o manual, na \u00e1gua de irriga\u00e7\u00e3o, ou mediante pulveriza\u00e7\u00e3o de lavouras com drones ou aeronaves agr\u00edcolas. <\/strong><\/p>\n\n\n\n<figure class=\"wp-block-gallery has-nested-images columns-default is-cropped wp-block-gallery-1 is-layout-flex wp-block-gallery-is-layout-flex\">\n<figure class=\"wp-block-image size-large\"><img loading=\"lazy\" decoding=\"async\" width=\"1024\" height=\"1024\" data-id=\"927\" src=\"https:\/\/microbio.world\/wp-content\/uploads\/2024\/01\/esfera.br_realistic_view_of_an_agricultural_drone_spraying_agro_00b99dbf-4677-42b2-bbad-d3e75a0a24fa.png\" alt=\"\" class=\"wp-image-927\" srcset=\"https:\/\/microbio.world\/wp-content\/uploads\/2024\/01\/esfera.br_realistic_view_of_an_agricultural_drone_spraying_agro_00b99dbf-4677-42b2-bbad-d3e75a0a24fa.png 1024w, https:\/\/microbio.world\/wp-content\/uploads\/2024\/01\/esfera.br_realistic_view_of_an_agricultural_drone_spraying_agro_00b99dbf-4677-42b2-bbad-d3e75a0a24fa-300x300.png 300w, https:\/\/microbio.world\/wp-content\/uploads\/2024\/01\/esfera.br_realistic_view_of_an_agricultural_drone_spraying_agro_00b99dbf-4677-42b2-bbad-d3e75a0a24fa-150x150.png 150w, https:\/\/microbio.world\/wp-content\/uploads\/2024\/01\/esfera.br_realistic_view_of_an_agricultural_drone_spraying_agro_00b99dbf-4677-42b2-bbad-d3e75a0a24fa-768x768.png 768w\" sizes=\"(max-width: 1024px) 100vw, 1024px\" \/><\/figure>\n\n\n\n<figure class=\"wp-block-image size-full\"><img loading=\"lazy\" decoding=\"async\" width=\"1024\" height=\"1024\" data-id=\"928\" src=\"https:\/\/microbio.world\/wp-content\/uploads\/2024\/01\/esfera.br_close_view_of_a_farm_worker_with_a_backpack_tank_spra_b74e6c2a-8781-41f4-89e1-98f68dd08fce-1.png\" alt=\"\" class=\"wp-image-928\" srcset=\"https:\/\/microbio.world\/wp-content\/uploads\/2024\/01\/esfera.br_close_view_of_a_farm_worker_with_a_backpack_tank_spra_b74e6c2a-8781-41f4-89e1-98f68dd08fce-1.png 1024w, https:\/\/microbio.world\/wp-content\/uploads\/2024\/01\/esfera.br_close_view_of_a_farm_worker_with_a_backpack_tank_spra_b74e6c2a-8781-41f4-89e1-98f68dd08fce-1-300x300.png 300w, https:\/\/microbio.world\/wp-content\/uploads\/2024\/01\/esfera.br_close_view_of_a_farm_worker_with_a_backpack_tank_spra_b74e6c2a-8781-41f4-89e1-98f68dd08fce-1-150x150.png 150w, https:\/\/microbio.world\/wp-content\/uploads\/2024\/01\/esfera.br_close_view_of_a_farm_worker_with_a_backpack_tank_spra_b74e6c2a-8781-41f4-89e1-98f68dd08fce-1-768x768.png 768w\" sizes=\"(max-width: 1024px) 100vw, 1024px\" \/><\/figure>\n<\/figure>\n\n\n\n<p class=\"has-cyan-bluish-gray-color has-text-color\" style=\"font-size:15px\"><strong>Um fertilizante pleno ou complementar para aumentar a biomassa em todos os tipos de plantio. Reduz fungos prejudiciais, pragas, e insetos daninhos; atrai polinizadores, melhora a qualidade das ra\u00edzes e do solo, ajuda a preservar a \u00e1gua e a capturar o carbono<\/strong>. <a href=\"https:\/\/microbio.world\/wp-admin\/post.php?post=1152&amp;action=edit\">Caderno T\u00e9cnico<\/a>.<\/p>\n\n\n\n<p class=\"has-text-align-center has-luminous-vivid-amber-color has-text-color has-large-font-size\"><strong>. . .<\/strong><\/p>\n\n\n\n<p class=\"has-luminous-vivid-amber-color has-text-color has-link-color wp-elements-15c2910086a8a292e83e4e07fc5f38b3\" style=\"font-size:22px\"><strong>MbW Roots<\/strong>\u00ae<\/p>\n\n\n\n<p class=\"has-cyan-bluish-gray-color has-text-color\" style=\"font-size:15px\"><strong>Fertilizante \u00e0 base de poderosos microrganismos estimuladores do crescimento e da robustez das ra\u00edzes, especialmente \u00fatil em alguns tipos de hidroponia, e em cultivos de tub\u00e9rculos. Produto ainda em fase final de desenvolvimento e testes. <\/strong><\/p>\n\n\n\n<p class=\"has-text-align-center has-luminous-vivid-amber-color has-text-color has-link-color wp-elements-b1d259eeca4e99b3fabff956651d8b78\" style=\"font-size:40px\"><strong>. . .<\/strong><\/p>\n\n\n\n<p class=\"has-luminous-vivid-amber-color has-text-color has-link-color wp-elements-344e5fbff234a6b178d4bac60959dd3e\" style=\"font-size:22px\"><strong>MbW Prime\u00ae <\/strong><\/p>\n\n\n\n<p class=\"has-cyan-bluish-gray-color has-text-color has-link-color wp-elements-27244ffe372bbaa08068cf226f3c98c7\" style=\"font-size:15px\"><strong>Blend propriet\u00e1rio de alta performance especialmente desenvolvido para biorremedia\u00e7\u00e3o de \u00e1guas cinzas, \u00e1guas negras, \u00e1guas polu\u00eddas, controle de odores, e tratamento de esgotos em diferentes tipos de instrumentos e aplica\u00e7\u00f5es.<\/strong> <strong>Em baixas concentra\u00e7\u00f5es exibe poder bioestimulador e bioestabilizante.<\/strong><\/p>\n\n\n\n<figure class=\"wp-block-gallery has-nested-images columns-default is-cropped wp-block-gallery-2 is-layout-flex wp-block-gallery-is-layout-flex\">\n<figure class=\"wp-block-image size-large\"><img loading=\"lazy\" decoding=\"async\" width=\"1024\" height=\"1024\" data-id=\"1116\" src=\"https:\/\/microbio.world\/wp-content\/uploads\/2024\/04\/esfera.br_a_small_waste-water_treatment_plan_pouring_clean_blue_45372386-c10c-494d-bdda-d2845c16b1d8.png\" alt=\"\" class=\"wp-image-1116\" srcset=\"https:\/\/microbio.world\/wp-content\/uploads\/2024\/04\/esfera.br_a_small_waste-water_treatment_plan_pouring_clean_blue_45372386-c10c-494d-bdda-d2845c16b1d8.png 1024w, https:\/\/microbio.world\/wp-content\/uploads\/2024\/04\/esfera.br_a_small_waste-water_treatment_plan_pouring_clean_blue_45372386-c10c-494d-bdda-d2845c16b1d8-300x300.png 300w, https:\/\/microbio.world\/wp-content\/uploads\/2024\/04\/esfera.br_a_small_waste-water_treatment_plan_pouring_clean_blue_45372386-c10c-494d-bdda-d2845c16b1d8-150x150.png 150w, https:\/\/microbio.world\/wp-content\/uploads\/2024\/04\/esfera.br_a_small_waste-water_treatment_plan_pouring_clean_blue_45372386-c10c-494d-bdda-d2845c16b1d8-768x768.png 768w\" sizes=\"(max-width: 1024px) 100vw, 1024px\" \/><\/figure>\n\n\n\n<figure class=\"wp-block-image size-large\"><img loading=\"lazy\" decoding=\"async\" width=\"1024\" height=\"1024\" data-id=\"1113\" src=\"https:\/\/microbio.world\/wp-content\/uploads\/2024\/04\/REFINARIA.png\" alt=\"\" class=\"wp-image-1113\" srcset=\"https:\/\/microbio.world\/wp-content\/uploads\/2024\/04\/REFINARIA.png 1024w, https:\/\/microbio.world\/wp-content\/uploads\/2024\/04\/REFINARIA-300x300.png 300w, https:\/\/microbio.world\/wp-content\/uploads\/2024\/04\/REFINARIA-150x150.png 150w, https:\/\/microbio.world\/wp-content\/uploads\/2024\/04\/REFINARIA-768x768.png 768w\" sizes=\"(max-width: 1024px) 100vw, 1024px\" \/><\/figure>\n<\/figure>\n\n\n\n<p class=\"has-cyan-bluish-gray-color has-text-color has-link-color wp-elements-953fca7df3ea90e7cb6e4adacb432660\" style=\"font-size:15px\"><strong>Al\u00e9m de ser um potente bioestimulador e supressor da microbiota aer\u00f3bica, MbW Prime\u00ae exibe alto poder de degrada\u00e7\u00e3o de hemicelulose, compostos nitrogenados, biofilmes, \u00e1cidos graxos, hidrocarbonetos e carboidratos.<\/strong>  <a href=\"https:\/\/microbio.world\/index.php\/mbw-prime\/\" data-type=\"link\" data-id=\"https:\/\/microbio.world\/index.php\/mbw-prime\/\">Manual T\u00e9cnico<\/a><\/p>\n\n\n\n<p class=\"has-text-align-center has-luminous-vivid-amber-color has-text-color has-link-color wp-elements-b1d259eeca4e99b3fabff956651d8b78\" style=\"font-size:40px\"><strong>. . .<\/strong><\/p>\n\n\n\n<p class=\"has-luminous-vivid-amber-color has-text-color has-link-color wp-elements-9e943df9896e984fd83cbd1f93a9ca1e\" style=\"font-size:22px\"><strong>MbW Power\u00ae<\/strong><\/p>\n\n\n\n<p class=\"has-cyan-bluish-gray-color has-text-color has-link-color wp-elements-ebab8907284c3dc0997345c28a0bab92\" style=\"font-size:15px\"><strong>Produto complementar da linha de biorremedia\u00e7\u00e3o, ainda em em testes.<\/strong><\/p>\n\n\n\n<p class=\"has-text-align-center has-luminous-vivid-amber-color has-text-color has-link-color has-large-font-size wp-elements-2dd3d0ee5d930111491306b66874331c\"><strong>. . .<\/strong><\/p>\n\n\n\n<p class=\"has-luminous-vivid-amber-color has-text-color has-link-color wp-elements-f80411badaa4c798eacd254d09daaaed\" style=\"font-size:22px\"><strong>MbW Acqua\u00ae <\/strong><\/p>\n\n\n\n<p class=\"has-cyan-bluish-gray-color has-text-color\" style=\"font-size:15px\"><strong>Formulado biol\u00f3gico s\u00f3lido ou l\u00edquido de baixo custo e alto desempenho, para maior produtividade em psicultura e carcinicultura, hidrop\u00f4nica, plantio de arroz e outras culturas aqu\u00e1ticas. Um super fertilizante, que restabelece a sa\u00fade e o equil\u00edbrio do microbioma aqu\u00e1tico; reduz o crescimento de algas nocivas e melhora a sa\u00fade das ra\u00edzes. <\/strong><a href=\"https:\/\/microbio.world\/index.php\/mbw-acqua-ficha-tecnica\/\" data-type=\"link\" data-id=\"https:\/\/microbio.world\/index.php\/mbw-acqua-ficha-tecnica\/\">Ficha T\u00e9cnica<\/a><\/p>\n\n\n\n<figure class=\"wp-block-gallery has-nested-images columns-default is-cropped wp-block-gallery-3 is-layout-flex wp-block-gallery-is-layout-flex\">\n<figure class=\"wp-block-image size-large\"><img loading=\"lazy\" decoding=\"async\" width=\"1024\" height=\"1024\" data-id=\"935\" src=\"https:\/\/microbio.world\/wp-content\/uploads\/2024\/01\/esfera.br_amazing_close_view_of_a_happy_brazilian_country_worke_7bf25966-190c-49fe-989b-ea6a574a15ef-2.png\" alt=\"\" class=\"wp-image-935\" srcset=\"https:\/\/microbio.world\/wp-content\/uploads\/2024\/01\/esfera.br_amazing_close_view_of_a_happy_brazilian_country_worke_7bf25966-190c-49fe-989b-ea6a574a15ef-2.png 1024w, https:\/\/microbio.world\/wp-content\/uploads\/2024\/01\/esfera.br_amazing_close_view_of_a_happy_brazilian_country_worke_7bf25966-190c-49fe-989b-ea6a574a15ef-2-300x300.png 300w, https:\/\/microbio.world\/wp-content\/uploads\/2024\/01\/esfera.br_amazing_close_view_of_a_happy_brazilian_country_worke_7bf25966-190c-49fe-989b-ea6a574a15ef-2-150x150.png 150w, https:\/\/microbio.world\/wp-content\/uploads\/2024\/01\/esfera.br_amazing_close_view_of_a_happy_brazilian_country_worke_7bf25966-190c-49fe-989b-ea6a574a15ef-2-768x768.png 768w\" sizes=\"(max-width: 1024px) 100vw, 1024px\" \/><\/figure>\n\n\n\n<figure class=\"wp-block-image size-large\"><img loading=\"lazy\" decoding=\"async\" width=\"1024\" height=\"1024\" data-id=\"934\" src=\"https:\/\/microbio.world\/wp-content\/uploads\/2024\/01\/esfera.br_a_young_brazilian_woman_working_in_a_large_very_green_b1521906-e75e-4145-b21c-5c79744db620.png\" alt=\"\" class=\"wp-image-934\" srcset=\"https:\/\/microbio.world\/wp-content\/uploads\/2024\/01\/esfera.br_a_young_brazilian_woman_working_in_a_large_very_green_b1521906-e75e-4145-b21c-5c79744db620.png 1024w, https:\/\/microbio.world\/wp-content\/uploads\/2024\/01\/esfera.br_a_young_brazilian_woman_working_in_a_large_very_green_b1521906-e75e-4145-b21c-5c79744db620-300x300.png 300w, https:\/\/microbio.world\/wp-content\/uploads\/2024\/01\/esfera.br_a_young_brazilian_woman_working_in_a_large_very_green_b1521906-e75e-4145-b21c-5c79744db620-150x150.png 150w, https:\/\/microbio.world\/wp-content\/uploads\/2024\/01\/esfera.br_a_young_brazilian_woman_working_in_a_large_very_green_b1521906-e75e-4145-b21c-5c79744db620-768x768.png 768w\" sizes=\"(max-width: 1024px) 100vw, 1024px\" \/><\/figure>\n<\/figure>\n\n\n\n<p class=\"has-cyan-bluish-gray-color has-text-color\" style=\"font-size:15px\"><strong>MbW Acqua acelera a convers\u00e3o de ra\u00e7\u00f5es em prote\u00edna e crescimento, desnitrifica a \u00e1gua, protege contra doen\u00e7as e digere a mat\u00e9ria org\u00e2nica dos dejetos animais.  <\/strong><a href=\"https:\/\/microbio.world\/index.php\/mbw-acqua-ficha-tecnica\/\" data-type=\"link\" data-id=\"https:\/\/microbio.world\/index.php\/mbw-acqua-ficha-tecnica\/\"> Ficha T\u00e9cnica<\/a><\/p>\n\n\n\n<p class=\"has-text-align-center has-luminous-vivid-amber-color has-text-color has-x-large-font-size\"><strong>. .<\/strong> <strong>.<\/strong><\/p>\n\n\n\n<p class=\"has-luminous-vivid-amber-color has-text-color\" style=\"font-size:22px\"><strong>MbW Animal<\/strong>\u00ae<\/p>\n\n\n\n<p class=\"has-cyan-bluish-gray-color has-text-color\" style=\"font-size:15px\"><strong>Probi\u00f3tico l\u00edquido desenvolvido para a pecu\u00e1ria, veterin\u00e1ria e pet care, para ser adicionado \u00e0 ra\u00e7\u00e3o e \u00e0 \u00e1gua de consumo e banho em todos os tipos de cria\u00e7\u00e3o animal. <\/strong><\/p>\n\n\n\n<figure class=\"wp-block-gallery has-nested-images columns-default is-cropped wp-block-gallery-4 is-layout-flex wp-block-gallery-is-layout-flex\">\n<figure class=\"wp-block-image size-large\"><img loading=\"lazy\" decoding=\"async\" width=\"1024\" height=\"1024\" data-id=\"938\" src=\"https:\/\/microbio.world\/wp-content\/uploads\/2024\/01\/esfera.br_a_ranch_worker_on_jeans_and_t-shirt_with_a_white_squa_f85b766c-ba19-4de8-8cbe-02602fbe123c.png\" alt=\"\" class=\"wp-image-938\" srcset=\"https:\/\/microbio.world\/wp-content\/uploads\/2024\/01\/esfera.br_a_ranch_worker_on_jeans_and_t-shirt_with_a_white_squa_f85b766c-ba19-4de8-8cbe-02602fbe123c.png 1024w, https:\/\/microbio.world\/wp-content\/uploads\/2024\/01\/esfera.br_a_ranch_worker_on_jeans_and_t-shirt_with_a_white_squa_f85b766c-ba19-4de8-8cbe-02602fbe123c-300x300.png 300w, https:\/\/microbio.world\/wp-content\/uploads\/2024\/01\/esfera.br_a_ranch_worker_on_jeans_and_t-shirt_with_a_white_squa_f85b766c-ba19-4de8-8cbe-02602fbe123c-150x150.png 150w, https:\/\/microbio.world\/wp-content\/uploads\/2024\/01\/esfera.br_a_ranch_worker_on_jeans_and_t-shirt_with_a_white_squa_f85b766c-ba19-4de8-8cbe-02602fbe123c-768x768.png 768w\" sizes=\"(max-width: 1024px) 100vw, 1024px\" \/><\/figure>\n\n\n\n<figure class=\"wp-block-image size-large\"><img loading=\"lazy\" decoding=\"async\" width=\"1024\" height=\"1024\" data-id=\"939\" src=\"https:\/\/microbio.world\/wp-content\/uploads\/2024\/01\/esfera.br_view_of_a_modern_creation_of_pigs_in_a_closed_barn_wi_5e5bc32e-1d8c-4bcb-8583-1670024e5701.png\" alt=\"\" class=\"wp-image-939\" srcset=\"https:\/\/microbio.world\/wp-content\/uploads\/2024\/01\/esfera.br_view_of_a_modern_creation_of_pigs_in_a_closed_barn_wi_5e5bc32e-1d8c-4bcb-8583-1670024e5701.png 1024w, https:\/\/microbio.world\/wp-content\/uploads\/2024\/01\/esfera.br_view_of_a_modern_creation_of_pigs_in_a_closed_barn_wi_5e5bc32e-1d8c-4bcb-8583-1670024e5701-300x300.png 300w, https:\/\/microbio.world\/wp-content\/uploads\/2024\/01\/esfera.br_view_of_a_modern_creation_of_pigs_in_a_closed_barn_wi_5e5bc32e-1d8c-4bcb-8583-1670024e5701-150x150.png 150w, https:\/\/microbio.world\/wp-content\/uploads\/2024\/01\/esfera.br_view_of_a_modern_creation_of_pigs_in_a_closed_barn_wi_5e5bc32e-1d8c-4bcb-8583-1670024e5701-768x768.png 768w\" sizes=\"(max-width: 1024px) 100vw, 1024px\" \/><\/figure>\n<\/figure>\n\n\n\n<p class=\"has-cyan-bluish-gray-color has-text-color\" style=\"font-size:15px\"><strong>Dilu\u00eddo e pulverizado nos cochos, nos animais, e no ambiente, reduz os microrganismos oxidantes e os odores desagrad\u00e1veis, e contribui para a redu\u00e7\u00e3o de moscas, baratas e roedores<\/strong> <a href=\"https:\/\/microbio.world\/index.php\/mbw-acqua-ficha-tecnica\/\" data-type=\"link\" data-id=\"https:\/\/microbio.world\/index.php\/mbw-acqua-ficha-tecnica\/\">Ficha T\u00e9cnica<\/a><\/p>\n\n\n\n<figure class=\"wp-block-gallery has-nested-images columns-default is-cropped wp-block-gallery-5 is-layout-flex wp-block-gallery-is-layout-flex\">\n<figure class=\"wp-block-image size-large\"><img loading=\"lazy\" decoding=\"async\" width=\"1024\" height=\"1024\" data-id=\"956\" src=\"https:\/\/microbio.world\/wp-content\/uploads\/2024\/01\/esfera.br_a_standing_handsome_veterinarian_on_white_coat_examin_10023688-ead2-40b1-b278-4171b5bbb9cc.png\" alt=\"\" class=\"wp-image-956\" srcset=\"https:\/\/microbio.world\/wp-content\/uploads\/2024\/01\/esfera.br_a_standing_handsome_veterinarian_on_white_coat_examin_10023688-ead2-40b1-b278-4171b5bbb9cc.png 1024w, https:\/\/microbio.world\/wp-content\/uploads\/2024\/01\/esfera.br_a_standing_handsome_veterinarian_on_white_coat_examin_10023688-ead2-40b1-b278-4171b5bbb9cc-300x300.png 300w, https:\/\/microbio.world\/wp-content\/uploads\/2024\/01\/esfera.br_a_standing_handsome_veterinarian_on_white_coat_examin_10023688-ead2-40b1-b278-4171b5bbb9cc-150x150.png 150w, https:\/\/microbio.world\/wp-content\/uploads\/2024\/01\/esfera.br_a_standing_handsome_veterinarian_on_white_coat_examin_10023688-ead2-40b1-b278-4171b5bbb9cc-768x768.png 768w\" sizes=\"(max-width: 1024px) 100vw, 1024px\" \/><\/figure>\n\n\n\n<figure class=\"wp-block-image size-large\"><img loading=\"lazy\" decoding=\"async\" width=\"1024\" height=\"1024\" data-id=\"955\" src=\"https:\/\/microbio.world\/wp-content\/uploads\/2024\/01\/esfera.br_a_beautiful_dog_with_one_raised_paw_playing_with_a_go_68ea3c79-6859-45c4-aa22-601600613ce2.png\" alt=\"\" class=\"wp-image-955\" srcset=\"https:\/\/microbio.world\/wp-content\/uploads\/2024\/01\/esfera.br_a_beautiful_dog_with_one_raised_paw_playing_with_a_go_68ea3c79-6859-45c4-aa22-601600613ce2.png 1024w, https:\/\/microbio.world\/wp-content\/uploads\/2024\/01\/esfera.br_a_beautiful_dog_with_one_raised_paw_playing_with_a_go_68ea3c79-6859-45c4-aa22-601600613ce2-300x300.png 300w, https:\/\/microbio.world\/wp-content\/uploads\/2024\/01\/esfera.br_a_beautiful_dog_with_one_raised_paw_playing_with_a_go_68ea3c79-6859-45c4-aa22-601600613ce2-150x150.png 150w, https:\/\/microbio.world\/wp-content\/uploads\/2024\/01\/esfera.br_a_beautiful_dog_with_one_raised_paw_playing_with_a_go_68ea3c79-6859-45c4-aa22-601600613ce2-768x768.png 768w\" sizes=\"(max-width: 1024px) 100vw, 1024px\" \/><\/figure>\n<\/figure>\n\n\n\n<p class=\"has-text-align-center has-luminous-vivid-amber-color has-text-color has-x-large-font-size\"><strong> .<\/strong> <strong>.<\/strong> <strong>.<\/strong><\/p>\n\n\n\n<p class=\"has-luminous-vivid-amber-color has-text-color\" style=\"font-size:22px\"><strong>MbW Base<\/strong>\u00ae <\/p>\n\n\n\n<p class=\"has-cyan-bluish-gray-color has-text-color\" style=\"font-size:15px\"><strong>Al\u00e9m dos microorganismos vi\u00e1veis altamente ben\u00e9ficos que podem ser usados em prepara\u00e7\u00f5es de probi\u00f3ticos para uso humano ou animal, as col\u00f4nias cultivadas em caldo nutriente enriquecido produzem muitos princ\u00edpios ben\u00e9ficos \u00e0 sa\u00fade: fatores de crescimento, antioxidantes, vitaminas, estimulantes, bactericocinas, antibi\u00f3ticos, \u00e1cidos graxos de cadeias curtas, e muitos outros, que podem ser adicionados a bebidas ou alimentos. <\/strong><\/p>\n\n\n\n<p class=\"has-cyan-bluish-gray-color has-text-color\" style=\"font-size:15px\"><strong>MbW Base\u00ae \u00e9 o ultrafiltrado dessas culturas, que pode ser adicionado a suplementos alimentares, sem maiores exig\u00eancias sanit\u00e1rias por ser produto org\u00e2nico e 100% natural, sem bact\u00e9rias ou fungos vivos. <\/strong><\/p>\n\n\n\n<figure class=\"wp-block-image size-full\"><img loading=\"lazy\" decoding=\"async\" width=\"1024\" height=\"1024\" src=\"https:\/\/microbio.world\/wp-content\/uploads\/2024\/01\/esfera.br_lateral_view_of_a_sweating_beautiful_young_woman_in_s_ae2e224b-16d6-419d-b1c9-19db5bb3c461.png\" alt=\"\" class=\"wp-image-992\" srcset=\"https:\/\/microbio.world\/wp-content\/uploads\/2024\/01\/esfera.br_lateral_view_of_a_sweating_beautiful_young_woman_in_s_ae2e224b-16d6-419d-b1c9-19db5bb3c461.png 1024w, https:\/\/microbio.world\/wp-content\/uploads\/2024\/01\/esfera.br_lateral_view_of_a_sweating_beautiful_young_woman_in_s_ae2e224b-16d6-419d-b1c9-19db5bb3c461-300x300.png 300w, https:\/\/microbio.world\/wp-content\/uploads\/2024\/01\/esfera.br_lateral_view_of_a_sweating_beautiful_young_woman_in_s_ae2e224b-16d6-419d-b1c9-19db5bb3c461-150x150.png 150w, https:\/\/microbio.world\/wp-content\/uploads\/2024\/01\/esfera.br_lateral_view_of_a_sweating_beautiful_young_woman_in_s_ae2e224b-16d6-419d-b1c9-19db5bb3c461-768x768.png 768w\" sizes=\"(max-width: 1024px) 100vw, 1024px\" \/><\/figure>\n\n\n\n<p class=\"has-cyan-bluish-gray-color has-text-color\" style=\"font-size:15px\"><strong>Temos no pipeline bebidas probi\u00f3ticas em desenvolvimento e testes. Entretanto, Uma das nossas bebidas, n\u00e3o cont\u00e9m microrganismos vi\u00e1veis, mas apenas o MbW Base\u00ae (ultrafiltrado de culturas em meio l\u00edquido), poderoso aliado da sa\u00fade humana ou animal. MbW Base\u00ae pode ser fornecido para adi\u00e7\u00e3o a suplementos produzidos por terceiros. <\/strong><\/p>\n\n\n\n<p class=\"has-cyan-bluish-gray-color has-text-color\" style=\"font-size:15px\"><strong>Para saber mais, entre em contato com os nossos especialistas. <\/strong><\/p>\n\n\n\n<p><\/p>\n\n\n\n<p class=\"has-text-align-center has-black-color has-text-color has-link-color wp-elements-c0ab71b266ad23987cd80c2e19b6a8c3\">___________________________________________<\/p>\n\n\n\n<p><\/p>\n\n\n\n<p class=\"has-text-align-left has-pale-cyan-blue-color has-text-color\" style=\"font-size:10px\"><em>Produtos naturais, org\u00e2nicos, compostos por um saccaromyces, alguns lactobacilos e outros fermentadores, isentos de GMO (organismos geneticamente modificados), at\u00f3xicos, n\u00e3o patog\u00eanicos, in\u00f3cuos e ben\u00e9ficos para a sa\u00fade humana. Alguns produtos demandam o uso de ativadores que s\u00e3o fornecidos separadamente. S\u00e3o est\u00e1veis por oito meses, em temperatura ambiente.<\/em><\/p>\n\n\n\n<p> <\/p>\n","protected":false},"excerpt":{"rendered":"<p>Preferimos ver os nossos produtos como biosolu\u00e7\u00f5es, pois representam poderes da exuberante vida das matas amplificados em biorreatores. Cada vez que uma dessas solu\u00e7\u00f5es \u00e9 aplicada, e um problema \u00e9 resolvido, a Terra recebe de volta trilh\u00f5es de vezes mais vida do que foi retirada dela para produzir a solu\u00e7\u00e3o. Os poucos produtos que j\u00e1 &hellip; <\/p>\n<p class=\"link-more\"><a href=\"https:\/\/microbio.world\/index.php\/produtos-2\/\" class=\"more-link\">Leia mais<span class=\"screen-reader-text\"> &#8220;Produtos&#8221;<\/span><\/a><\/p>\n","protected":false},"author":1,"featured_media":0,"parent":0,"menu_order":0,"comment_status":"closed","ping_status":"closed","template":"","meta":{"footnotes":""},"_links":{"self":[{"href":"https:\/\/microbio.world\/index.php\/wp-json\/wp\/v2\/pages\/55"}],"collection":[{"href":"https:\/\/microbio.world\/index.php\/wp-json\/wp\/v2\/pages"}],"about":[{"href":"https:\/\/microbio.world\/index.php\/wp-json\/wp\/v2\/types\/page"}],"author":[{"embeddable":true,"href":"https:\/\/microbio.world\/index.php\/wp-json\/wp\/v2\/users\/1"}],"replies":[{"embeddable":true,"href":"https:\/\/microbio.world\/index.php\/wp-json\/wp\/v2\/comments?post=55"}],"version-history":[{"count":67,"href":"https:\/\/microbio.world\/index.php\/wp-json\/wp\/v2\/pages\/55\/revisions"}],"predecessor-version":[{"id":1336,"href":"https:\/\/microbio.world\/index.php\/wp-json\/wp\/v2\/pages\/55\/revisions\/1336"}],"wp:attachment":[{"href":"https:\/\/microbio.world\/index.php\/wp-json\/wp\/v2\/media?parent=55"}],"curies":[{"name":"wp","href":"https:\/\/api.w.org\/{rel}","templated":true}]}}