{"id":56,"date":"2023-08-23T23:53:16","date_gmt":"2023-08-23T23:53:16","guid":{"rendered":"https:\/\/microbio.world\/?page_id=56"},"modified":"2024-12-16T13:17:15","modified_gmt":"2024-12-16T13:17:15","slug":"servicos-2","status":"publish","type":"page","link":"https:\/\/microbio.world\/index.php\/servicos-2\/","title":{"rendered":"+ Inova\u00e7\u00e3o"},"content":{"rendered":"\n<p class=\"has-luminous-vivid-amber-color has-text-color\" style=\"font-size:22px\"><strong>Life-Matic<\/strong>\u00ae<\/p>\n\n\n\n<p class=\"has-cyan-bluish-gray-color has-text-color\" style=\"font-size:15px\"><strong>Um dos mais ambiciosos e inovadores projetos que desenvolvemos \u00e9 o Life-Matic\u00ae, bioreatores para uso dom\u00e9stico, e para empresas, condom\u00ednios, cl\u00ednicas, academias, centros de conven\u00e7\u00f5es, e para a pequena ind\u00fastria de alimentos naturais ou org\u00e2nicos. <\/strong><\/p>\n\n\n\n<figure class=\"wp-block-image alignwide size-full\"><img loading=\"lazy\" decoding=\"async\" width=\"1024\" height=\"1024\" src=\"https:\/\/microbio.world\/wp-content\/uploads\/2024\/01\/esfera.br_close_view_of_a_square_small_futuristic_bioreactor_si_25f5748e-9aa0-4499-8511-6a68904fafb8.png\" alt=\"\" class=\"wp-image-959\" srcset=\"https:\/\/microbio.world\/wp-content\/uploads\/2024\/01\/esfera.br_close_view_of_a_square_small_futuristic_bioreactor_si_25f5748e-9aa0-4499-8511-6a68904fafb8.png 1024w, https:\/\/microbio.world\/wp-content\/uploads\/2024\/01\/esfera.br_close_view_of_a_square_small_futuristic_bioreactor_si_25f5748e-9aa0-4499-8511-6a68904fafb8-300x300.png 300w, https:\/\/microbio.world\/wp-content\/uploads\/2024\/01\/esfera.br_close_view_of_a_square_small_futuristic_bioreactor_si_25f5748e-9aa0-4499-8511-6a68904fafb8-150x150.png 150w, https:\/\/microbio.world\/wp-content\/uploads\/2024\/01\/esfera.br_close_view_of_a_square_small_futuristic_bioreactor_si_25f5748e-9aa0-4499-8511-6a68904fafb8-768x768.png 768w\" sizes=\"(max-width: 1024px) 100vw, 1024px\" \/><\/figure>\n\n\n\n<p class=\"has-cyan-bluish-gray-color has-text-color\" style=\"font-size:15px\"><strong>S\u00e3o equipamentos de pequeno ou m\u00e9dio porte, in\u00e9ditos no mundo, semelhantes a cafeteiras autom\u00e1ticas, capazes de manter um cultivo cont\u00ednuo e aut\u00f4nomo de um super probi\u00f3tico, e que dispensam o produto puro ou bebida probi\u00f3tica, nas quantidades desejadas para consumo di\u00e1rio ou eventual. <\/strong><\/p>\n\n\n\n<figure class=\"wp-block-image alignwide size-full\"><img loading=\"lazy\" decoding=\"async\" width=\"1024\" height=\"1024\" src=\"https:\/\/microbio.world\/wp-content\/uploads\/2024\/01\/esfera.br_a_couple_of_standing_executives_chat_in_a_modern_offi_82d5a603-fc4f-4c53-8c93-78573a1a2277.png\" alt=\"\" class=\"wp-image-960\" srcset=\"https:\/\/microbio.world\/wp-content\/uploads\/2024\/01\/esfera.br_a_couple_of_standing_executives_chat_in_a_modern_offi_82d5a603-fc4f-4c53-8c93-78573a1a2277.png 1024w, https:\/\/microbio.world\/wp-content\/uploads\/2024\/01\/esfera.br_a_couple_of_standing_executives_chat_in_a_modern_offi_82d5a603-fc4f-4c53-8c93-78573a1a2277-300x300.png 300w, https:\/\/microbio.world\/wp-content\/uploads\/2024\/01\/esfera.br_a_couple_of_standing_executives_chat_in_a_modern_offi_82d5a603-fc4f-4c53-8c93-78573a1a2277-150x150.png 150w, https:\/\/microbio.world\/wp-content\/uploads\/2024\/01\/esfera.br_a_couple_of_standing_executives_chat_in_a_modern_offi_82d5a603-fc4f-4c53-8c93-78573a1a2277-768x768.png 768w\" sizes=\"(max-width: 1024px) 100vw, 1024px\" \/><\/figure>\n\n\n\n<p class=\"has-cyan-bluish-gray-color has-text-color\" style=\"font-size:15px\"><strong>PRIMAVERA | VER\u00c3O | OUTONO | INVERNO: <\/strong><\/p>\n\n\n\n<p class=\"has-cyan-bluish-gray-color has-text-color\" style=\"font-size:15px\"><strong>Uma linha de c\u00e1psulas com col\u00f4nias matrizes permite a escolha do conjuto microbiano desejado, aromatizado, e adequado ao perfil do consumidor. <\/strong><\/p>\n\n\n\n<p class=\"has-cyan-bluish-gray-color has-text-color\" style=\"font-size:15px\"><strong>Uma fonte cont\u00ednua de sa\u00fade e bem-estar, para contemplar um desejo ainda n\u00e3o atendido dos consumidores mais exigentes e antenados.<\/strong><\/p>\n\n\n\n<p class=\"has-text-align-center has-luminous-vivid-amber-color has-text-color has-x-large-font-size\"><strong>. <strong>. .<\/strong> <\/strong><\/p>\n\n\n\n<p class=\"has-luminous-vivid-amber-color has-text-color\" style=\"font-size:22px\"><strong>Novas Aplica\u00e7\u00f5es <\/strong><\/p>\n\n\n\n<p class=\"has-cyan-bluish-gray-color has-text-color\" style=\"font-size:15px\"><strong>S\u00e3o in\u00fameras as possibilidades de utiliza\u00e7\u00e3o dos microrganismos e\/ou dos seus derivados. <\/strong><\/p>\n\n\n\n<figure class=\"wp-block-gallery has-nested-images columns-default is-cropped wp-block-gallery-1 is-layout-flex wp-block-gallery-is-layout-flex\">\n<figure class=\"wp-block-image size-large\"><img loading=\"lazy\" decoding=\"async\" width=\"1024\" height=\"1024\" data-id=\"968\" src=\"https:\/\/microbio.world\/wp-content\/uploads\/2024\/01\/esfera.br_upper_lateral_view_of_a_worker_cleaning_a_large_hospi_0c944f83-85f9-4f86-9a08-df3d550e9091-1.png\" alt=\"\" class=\"wp-image-968\" srcset=\"https:\/\/microbio.world\/wp-content\/uploads\/2024\/01\/esfera.br_upper_lateral_view_of_a_worker_cleaning_a_large_hospi_0c944f83-85f9-4f86-9a08-df3d550e9091-1.png 1024w, https:\/\/microbio.world\/wp-content\/uploads\/2024\/01\/esfera.br_upper_lateral_view_of_a_worker_cleaning_a_large_hospi_0c944f83-85f9-4f86-9a08-df3d550e9091-1-300x300.png 300w, https:\/\/microbio.world\/wp-content\/uploads\/2024\/01\/esfera.br_upper_lateral_view_of_a_worker_cleaning_a_large_hospi_0c944f83-85f9-4f86-9a08-df3d550e9091-1-150x150.png 150w, https:\/\/microbio.world\/wp-content\/uploads\/2024\/01\/esfera.br_upper_lateral_view_of_a_worker_cleaning_a_large_hospi_0c944f83-85f9-4f86-9a08-df3d550e9091-1-768x768.png 768w\" sizes=\"(max-width: 1024px) 100vw, 1024px\" \/><\/figure>\n\n\n\n<figure class=\"wp-block-image size-large\"><img loading=\"lazy\" decoding=\"async\" width=\"1024\" height=\"1024\" data-id=\"969\" src=\"https:\/\/microbio.world\/wp-content\/uploads\/2024\/01\/esfera.br_seen_from_behind_a_brunette_young_woman_on_white_labo_b3d5fb7b-09d5-445a-8b17-888c62000d80.png\" alt=\"\" class=\"wp-image-969\" srcset=\"https:\/\/microbio.world\/wp-content\/uploads\/2024\/01\/esfera.br_seen_from_behind_a_brunette_young_woman_on_white_labo_b3d5fb7b-09d5-445a-8b17-888c62000d80.png 1024w, https:\/\/microbio.world\/wp-content\/uploads\/2024\/01\/esfera.br_seen_from_behind_a_brunette_young_woman_on_white_labo_b3d5fb7b-09d5-445a-8b17-888c62000d80-300x300.png 300w, https:\/\/microbio.world\/wp-content\/uploads\/2024\/01\/esfera.br_seen_from_behind_a_brunette_young_woman_on_white_labo_b3d5fb7b-09d5-445a-8b17-888c62000d80-150x150.png 150w, https:\/\/microbio.world\/wp-content\/uploads\/2024\/01\/esfera.br_seen_from_behind_a_brunette_young_woman_on_white_labo_b3d5fb7b-09d5-445a-8b17-888c62000d80-768x768.png 768w\" sizes=\"(max-width: 1024px) 100vw, 1024px\" \/><\/figure>\n<\/figure>\n\n\n\n<p class=\"has-cyan-bluish-gray-color has-text-color\" style=\"font-size:15px\"><strong>H\u00e1 alguns anos testamos o sobrenadante dos cultivos em aplica\u00e7\u00f5es como produto antioxidante e anticorrosivo, para a limpeza e supress\u00e3o de microragnismos patog\u00eanicos, para a elimina\u00e7\u00e3o de odores, e para a preserva\u00e7\u00e3o de circuitos hidr\u00e1ulicos. Os resultados dos testes s\u00e3o bastante promissores.  <\/strong><\/p>\n\n\n\n<figure class=\"wp-block-image size-full\"><img loading=\"lazy\" decoding=\"async\" width=\"1024\" height=\"1024\" src=\"https:\/\/microbio.world\/wp-content\/uploads\/2024\/01\/esfera.br_close_view_of_two_glasses_of_water_on_a_table_one_has_6d6e2dad-4286-46d4-8961-66a05854eada.png\" alt=\"\" class=\"wp-image-1018\" srcset=\"https:\/\/microbio.world\/wp-content\/uploads\/2024\/01\/esfera.br_close_view_of_two_glasses_of_water_on_a_table_one_has_6d6e2dad-4286-46d4-8961-66a05854eada.png 1024w, https:\/\/microbio.world\/wp-content\/uploads\/2024\/01\/esfera.br_close_view_of_two_glasses_of_water_on_a_table_one_has_6d6e2dad-4286-46d4-8961-66a05854eada-300x300.png 300w, https:\/\/microbio.world\/wp-content\/uploads\/2024\/01\/esfera.br_close_view_of_two_glasses_of_water_on_a_table_one_has_6d6e2dad-4286-46d4-8961-66a05854eada-150x150.png 150w, https:\/\/microbio.world\/wp-content\/uploads\/2024\/01\/esfera.br_close_view_of_two_glasses_of_water_on_a_table_one_has_6d6e2dad-4286-46d4-8961-66a05854eada-768x768.png 768w\" sizes=\"(max-width: 1024px) 100vw, 1024px\" \/><\/figure>\n\n\n\n<p class=\"has-text-align-center has-cyan-bluish-gray-color has-text-color has-link-color wp-elements-d846aa7ad105c99801449445cb13a156\" style=\"font-size:12px\"><strong>\u00c0 ESQUERDA EFEITO ANTOCORROSIVO DO MbW Base\u00ae DILU\u00cdDO 1:100 SOBRE PARAFUSO DE FERRO.EM \u00c1GUA COM CLORETO DE S\u00d3DIO A 1% EM 21 DIAS.| \u00c0 DIREITA PARAFUSO DE FERRO NA MESMA \u00c1GUA SEM O PRODUTO, NO MESMO TEMPO DE IMERS\u00c3O. <\/strong>   <\/p>\n\n\n\n<p class=\"has-text-align-center has-luminous-vivid-amber-color has-text-color has-x-large-font-size\"><strong>. . .<\/strong><\/p>\n\n\n\n<p class=\"has-luminous-vivid-amber-color has-text-color\" style=\"font-size:22px\"><strong>Estudos de Viabilidade<\/strong><\/p>\n\n\n\n<p class=\"has-cyan-bluish-gray-color has-text-color\" style=\"font-size:15px\"><strong>Avalia\u00e7\u00e3o individualizada de projetos para uso da Tecnologia MbW\u00ae na pecu\u00e1ria de corte e leiteira, nas granjas de cria\u00e7\u00e3o de outros animais, na agricultura de precis\u00e3o ou de m\u00e9dio porte, na hidrop\u00f4nica, na psicultura e carcinicultura.<\/strong> <strong>na biorremedia\u00e7\u00e3o de \u00e1guas, no tratamento de res\u00edduos.  <\/strong><\/p>\n\n\n\n<figure class=\"wp-block-gallery has-nested-images columns-default is-cropped wp-block-gallery-2 is-layout-flex wp-block-gallery-is-layout-flex\">\n<figure class=\"wp-block-image size-large\"><img loading=\"lazy\" decoding=\"async\" width=\"1024\" height=\"1024\" data-id=\"976\" src=\"https:\/\/microbio.world\/wp-content\/uploads\/2024\/01\/esfera.br_a_gorgeous_creek_running_inside_the_amazon_forest_ama_6b281aed-f4b0-4638-80e1-244011127d97.png\" alt=\"\" class=\"wp-image-976\" srcset=\"https:\/\/microbio.world\/wp-content\/uploads\/2024\/01\/esfera.br_a_gorgeous_creek_running_inside_the_amazon_forest_ama_6b281aed-f4b0-4638-80e1-244011127d97.png 1024w, https:\/\/microbio.world\/wp-content\/uploads\/2024\/01\/esfera.br_a_gorgeous_creek_running_inside_the_amazon_forest_ama_6b281aed-f4b0-4638-80e1-244011127d97-300x300.png 300w, https:\/\/microbio.world\/wp-content\/uploads\/2024\/01\/esfera.br_a_gorgeous_creek_running_inside_the_amazon_forest_ama_6b281aed-f4b0-4638-80e1-244011127d97-150x150.png 150w, https:\/\/microbio.world\/wp-content\/uploads\/2024\/01\/esfera.br_a_gorgeous_creek_running_inside_the_amazon_forest_ama_6b281aed-f4b0-4638-80e1-244011127d97-768x768.png 768w\" sizes=\"(max-width: 1024px) 100vw, 1024px\" \/><\/figure>\n\n\n\n<figure class=\"wp-block-image size-large\"><img loading=\"lazy\" decoding=\"async\" width=\"1024\" height=\"1024\" data-id=\"977\" src=\"https:\/\/microbio.world\/wp-content\/uploads\/2024\/01\/esfera.br_a_group_of_farmers_with_backpack_tanks_spray_water_in_3c04d9e9-acc0-4c61-ba49-0c6514ec6a14-1.png\" alt=\"\" class=\"wp-image-977\" srcset=\"https:\/\/microbio.world\/wp-content\/uploads\/2024\/01\/esfera.br_a_group_of_farmers_with_backpack_tanks_spray_water_in_3c04d9e9-acc0-4c61-ba49-0c6514ec6a14-1.png 1024w, https:\/\/microbio.world\/wp-content\/uploads\/2024\/01\/esfera.br_a_group_of_farmers_with_backpack_tanks_spray_water_in_3c04d9e9-acc0-4c61-ba49-0c6514ec6a14-1-300x300.png 300w, https:\/\/microbio.world\/wp-content\/uploads\/2024\/01\/esfera.br_a_group_of_farmers_with_backpack_tanks_spray_water_in_3c04d9e9-acc0-4c61-ba49-0c6514ec6a14-1-150x150.png 150w, https:\/\/microbio.world\/wp-content\/uploads\/2024\/01\/esfera.br_a_group_of_farmers_with_backpack_tanks_spray_water_in_3c04d9e9-acc0-4c61-ba49-0c6514ec6a14-1-768x768.png 768w\" sizes=\"(max-width: 1024px) 100vw, 1024px\" \/><\/figure>\n<\/figure>\n\n\n\n<p class=\"has-text-align-center has-luminous-vivid-amber-color has-text-color has-x-large-font-size\">. . .<\/p>\n\n\n\n<p class=\"has-luminous-vivid-amber-color has-text-color\" style=\"font-size:22px\"><strong>Drones Agr\u00edcolas<\/strong><\/p>\n\n\n\n<p class=\"has-cyan-bluish-gray-color has-text-color\" style=\"font-size:15px\"><strong>Orienta\u00e7\u00e3o para aquisi\u00e7\u00e3o ou loca\u00e7\u00e3o para aplica\u00e7\u00f5es de MbW Crop\u00ae e MbW Acqua\u00ae<\/strong><\/p>\n\n\n\n<figure class=\"wp-block-image size-full\"><img loading=\"lazy\" decoding=\"async\" width=\"1024\" height=\"1024\" src=\"https:\/\/microbio.world\/wp-content\/uploads\/2024\/01\/esfera.br_realistic_view_of_an_agricultural_drone_spraying_agro_374aa2fa-c487-472e-9172-d15101e860df.png\" alt=\"\" class=\"wp-image-978\" srcset=\"https:\/\/microbio.world\/wp-content\/uploads\/2024\/01\/esfera.br_realistic_view_of_an_agricultural_drone_spraying_agro_374aa2fa-c487-472e-9172-d15101e860df.png 1024w, https:\/\/microbio.world\/wp-content\/uploads\/2024\/01\/esfera.br_realistic_view_of_an_agricultural_drone_spraying_agro_374aa2fa-c487-472e-9172-d15101e860df-300x300.png 300w, https:\/\/microbio.world\/wp-content\/uploads\/2024\/01\/esfera.br_realistic_view_of_an_agricultural_drone_spraying_agro_374aa2fa-c487-472e-9172-d15101e860df-150x150.png 150w, https:\/\/microbio.world\/wp-content\/uploads\/2024\/01\/esfera.br_realistic_view_of_an_agricultural_drone_spraying_agro_374aa2fa-c487-472e-9172-d15101e860df-768x768.png 768w\" sizes=\"(max-width: 1024px) 100vw, 1024px\" \/><\/figure>\n","protected":false},"excerpt":{"rendered":"<p>Life-Matic\u00ae Um dos mais ambiciosos e inovadores projetos que desenvolvemos \u00e9 o Life-Matic\u00ae, bioreatores para uso dom\u00e9stico, e para empresas, condom\u00ednios, cl\u00ednicas, academias, centros de conven\u00e7\u00f5es, e para a pequena ind\u00fastria de alimentos naturais ou org\u00e2nicos. S\u00e3o equipamentos de pequeno ou m\u00e9dio porte, in\u00e9ditos no mundo, semelhantes a cafeteiras autom\u00e1ticas, capazes de manter um cultivo &hellip; <\/p>\n<p class=\"link-more\"><a href=\"https:\/\/microbio.world\/index.php\/servicos-2\/\" class=\"more-link\">Leia mais<span class=\"screen-reader-text\"> &#8220;+ Inova\u00e7\u00e3o&#8221;<\/span><\/a><\/p>\n","protected":false},"author":1,"featured_media":0,"parent":0,"menu_order":0,"comment_status":"closed","ping_status":"closed","template":"","meta":{"footnotes":""},"_links":{"self":[{"href":"https:\/\/microbio.world\/index.php\/wp-json\/wp\/v2\/pages\/56"}],"collection":[{"href":"https:\/\/microbio.world\/index.php\/wp-json\/wp\/v2\/pages"}],"about":[{"href":"https:\/\/microbio.world\/index.php\/wp-json\/wp\/v2\/types\/page"}],"author":[{"embeddable":true,"href":"https:\/\/microbio.world\/index.php\/wp-json\/wp\/v2\/users\/1"}],"replies":[{"embeddable":true,"href":"https:\/\/microbio.world\/index.php\/wp-json\/wp\/v2\/comments?post=56"}],"version-history":[{"count":45,"href":"https:\/\/microbio.world\/index.php\/wp-json\/wp\/v2\/pages\/56\/revisions"}],"predecessor-version":[{"id":1309,"href":"https:\/\/microbio.world\/index.php\/wp-json\/wp\/v2\/pages\/56\/revisions\/1309"}],"wp:attachment":[{"href":"https:\/\/microbio.world\/index.php\/wp-json\/wp\/v2\/media?parent=56"}],"curies":[{"name":"wp","href":"https:\/\/api.w.org\/{rel}","templated":true}]}}