{"id":705,"date":"2023-09-12T07:34:44","date_gmt":"2023-09-12T07:34:44","guid":{"rendered":"https:\/\/microbio.world\/?page_id=705"},"modified":"2024-01-15T16:15:53","modified_gmt":"2024-01-15T16:15:53","slug":"a-casa-microbioma","status":"publish","type":"page","link":"https:\/\/microbio.world\/index.php\/a-casa-microbioma\/","title":{"rendered":"Casa Microbioma\u00ae"},"content":{"rendered":"\n<p class=\"has-cyan-bluish-gray-color has-text-color\" style=\"font-size:15px\"><strong>O ativo natural mais poderoso deste planeta azul \u00e9 o seu microbioma, e na extrema biodiversidade da Mata Atl\u00e2ntica brasileira reside o seu maior reposit\u00f3rio. Mas o microbioma \u00e9 invis\u00edvel.<\/strong><\/p>\n\n\n\n<p class=\"has-cyan-bluish-gray-color has-text-color\" style=\"font-size:15px\"><strong>MicroBio.World\u00ae, empreendimento que extrai produtos desta magn\u00edfica for\u00e7a transformadora da Terra, lan\u00e7a uma ideia jovem que visa n\u00e3o s\u00f3 torn\u00e1-la vis\u00edvel, mas tamb\u00e9m transport\u00e1-la para as grandes cidades do mundo e promover a sa\u00fade de quem desejo conhec\u00ea-lo por dentro.<\/strong><\/p>\n\n\n\n<p class=\"has-luminous-vivid-amber-color has-text-color\" style=\"font-size:15px\"><strong>Apresentamos <strong>\u2013<\/strong> <a href=\"https:\/\/www.linkedin.com\/posts\/esfera_microbiome-microbiomehouse-microbiomemuseum-activity-7107049347049005056-Xn1r?utm_source=share&amp;utm_medium=member_desktop\">THE MICROBIOME HOUSE\u00ae <\/a>\u2013 em breve n\u00e3o ser\u00e1 mais apenas um projeto.<\/strong><\/p>\n\n\n<div class=\"wp-block-image\">\n<figure class=\"aligncenter size-full is-resized\"><a href=\"https:\/\/www.linkedin.com\/posts\/esfera_microbiome-microbiomehouse-microbiomemuseum-activity-7107049347049005056-Xn1r?utm_source=share&amp;utm_medium=member_desktop\"><img loading=\"lazy\" decoding=\"async\" width=\"1024\" height=\"1024\" src=\"https:\/\/microbio.world\/wp-content\/uploads\/2023\/09\/MICROBIO-MUSEUM-1.png\" alt=\"\" class=\"wp-image-706\" style=\"aspect-ratio:1.3333333333333333;object-fit:cover;width:831px;height:auto\" srcset=\"https:\/\/microbio.world\/wp-content\/uploads\/2023\/09\/MICROBIO-MUSEUM-1.png 1024w, https:\/\/microbio.world\/wp-content\/uploads\/2023\/09\/MICROBIO-MUSEUM-1-300x300.png 300w, https:\/\/microbio.world\/wp-content\/uploads\/2023\/09\/MICROBIO-MUSEUM-1-150x150.png 150w, https:\/\/microbio.world\/wp-content\/uploads\/2023\/09\/MICROBIO-MUSEUM-1-768x768.png 768w\" sizes=\"(max-width: 1024px) 100vw, 1024px\" \/><\/a><\/figure><\/div>\n\n\n<p class=\"has-cyan-bluish-gray-color has-text-color has-small-font-size\">microbioma #microbiomehouse #microbiomemuseum #saude #investidores #stakeholders #florestatropical #meioambiente #esg #agua #natureza #microorganismos #fertilizante #cidade #mataatlantica #wwi #dubai #novayork #berlim #toquio #estocolmo #amsterda #paris<\/p>\n\n\n\n<p>GALERIA | Imagens<\/p>\n\n\n\n<p class=\"has-cyan-bluish-gray-color has-text-color\" style=\"font-size:15px\"><strong>Para a realiza\u00e7\u00e3o deste ambicioso projeto, viajamos por milhares de kilometros atrav\u00e9s das matas (Atlantic Rain Forest), coletando numerosas amostras do microbioma dos solos, plantas, fungos, frutos, sementes, flores, e \u00e1guas. Nesses caminhos, fizemos centenas de belas fotografias. Essa galeria \u00e9 uma pequena amostra do que se passou por nossas retinas e cameras.<\/strong><\/p>\n\n\n\n<figure class=\"wp-block-gallery aligncenter has-nested-images columns-default is-cropped wp-block-gallery-1 is-layout-flex wp-block-gallery-is-layout-flex\">\n<figure class=\"wp-block-image size-large\"><img loading=\"lazy\" decoding=\"async\" width=\"618\" height=\"616\" data-id=\"802\" src=\"https:\/\/microbio.world\/wp-content\/uploads\/2024\/01\/WhatsApp-Image-2024-01-08-at-11.01.24-1-1.jpeg\" alt=\"\" class=\"wp-image-802\" srcset=\"https:\/\/microbio.world\/wp-content\/uploads\/2024\/01\/WhatsApp-Image-2024-01-08-at-11.01.24-1-1.jpeg 618w, https:\/\/microbio.world\/wp-content\/uploads\/2024\/01\/WhatsApp-Image-2024-01-08-at-11.01.24-1-1-300x300.jpeg 300w, https:\/\/microbio.world\/wp-content\/uploads\/2024\/01\/WhatsApp-Image-2024-01-08-at-11.01.24-1-1-150x150.jpeg 150w\" sizes=\"(max-width: 618px) 100vw, 618px\" \/><\/figure>\n\n\n\n<figure class=\"wp-block-image size-large\"><img loading=\"lazy\" decoding=\"async\" width=\"622\" height=\"622\" data-id=\"803\" src=\"https:\/\/microbio.world\/wp-content\/uploads\/2024\/01\/WhatsApp-Image-2024-01-08-at-11.04.17-1.jpeg\" alt=\"\" class=\"wp-image-803\" srcset=\"https:\/\/microbio.world\/wp-content\/uploads\/2024\/01\/WhatsApp-Image-2024-01-08-at-11.04.17-1.jpeg 622w, https:\/\/microbio.world\/wp-content\/uploads\/2024\/01\/WhatsApp-Image-2024-01-08-at-11.04.17-1-300x300.jpeg 300w, https:\/\/microbio.world\/wp-content\/uploads\/2024\/01\/WhatsApp-Image-2024-01-08-at-11.04.17-1-150x150.jpeg 150w\" sizes=\"(max-width: 622px) 100vw, 622px\" \/><\/figure>\n\n\n\n<figure class=\"wp-block-image size-large\"><img loading=\"lazy\" decoding=\"async\" width=\"576\" height=\"576\" data-id=\"804\" src=\"https:\/\/microbio.world\/wp-content\/uploads\/2024\/01\/WhatsApp-Image-2024-01-08-at-11.04.17-2-1.jpeg\" alt=\"\" class=\"wp-image-804\" srcset=\"https:\/\/microbio.world\/wp-content\/uploads\/2024\/01\/WhatsApp-Image-2024-01-08-at-11.04.17-2-1.jpeg 576w, https:\/\/microbio.world\/wp-content\/uploads\/2024\/01\/WhatsApp-Image-2024-01-08-at-11.04.17-2-1-300x300.jpeg 300w, https:\/\/microbio.world\/wp-content\/uploads\/2024\/01\/WhatsApp-Image-2024-01-08-at-11.04.17-2-1-150x150.jpeg 150w\" sizes=\"(max-width: 576px) 100vw, 576px\" \/><\/figure>\n\n\n\n<figure class=\"wp-block-image size-large\"><img loading=\"lazy\" decoding=\"async\" width=\"633\" height=\"633\" data-id=\"810\" src=\"https:\/\/microbio.world\/wp-content\/uploads\/2024\/01\/WhatsApp-Image-2024-01-08-at-11.04.17-3.jpeg\" alt=\"\" class=\"wp-image-810\" srcset=\"https:\/\/microbio.world\/wp-content\/uploads\/2024\/01\/WhatsApp-Image-2024-01-08-at-11.04.17-3.jpeg 633w, https:\/\/microbio.world\/wp-content\/uploads\/2024\/01\/WhatsApp-Image-2024-01-08-at-11.04.17-3-300x300.jpeg 300w, https:\/\/microbio.world\/wp-content\/uploads\/2024\/01\/WhatsApp-Image-2024-01-08-at-11.04.17-3-150x150.jpeg 150w\" sizes=\"(max-width: 633px) 100vw, 633px\" \/><\/figure>\n\n\n\n<figure class=\"wp-block-image size-large\"><img loading=\"lazy\" decoding=\"async\" width=\"747\" height=\"747\" data-id=\"808\" src=\"https:\/\/microbio.world\/wp-content\/uploads\/2024\/01\/WhatsApp-Image-2024-01-08-at-11.05.19-1-1.jpeg\" alt=\"\" class=\"wp-image-808\" srcset=\"https:\/\/microbio.world\/wp-content\/uploads\/2024\/01\/WhatsApp-Image-2024-01-08-at-11.05.19-1-1.jpeg 747w, https:\/\/microbio.world\/wp-content\/uploads\/2024\/01\/WhatsApp-Image-2024-01-08-at-11.05.19-1-1-300x300.jpeg 300w, https:\/\/microbio.world\/wp-content\/uploads\/2024\/01\/WhatsApp-Image-2024-01-08-at-11.05.19-1-1-150x150.jpeg 150w\" sizes=\"(max-width: 747px) 100vw, 747px\" \/><\/figure>\n\n\n\n<figure class=\"wp-block-image size-large\"><img loading=\"lazy\" decoding=\"async\" width=\"900\" height=\"900\" data-id=\"818\" src=\"https:\/\/microbio.world\/wp-content\/uploads\/2024\/01\/WhatsApp-Image-2024-01-08-at-11.05.19-2.jpeg\" alt=\"\" class=\"wp-image-818\" srcset=\"https:\/\/microbio.world\/wp-content\/uploads\/2024\/01\/WhatsApp-Image-2024-01-08-at-11.05.19-2.jpeg 900w, https:\/\/microbio.world\/wp-content\/uploads\/2024\/01\/WhatsApp-Image-2024-01-08-at-11.05.19-2-300x300.jpeg 300w, https:\/\/microbio.world\/wp-content\/uploads\/2024\/01\/WhatsApp-Image-2024-01-08-at-11.05.19-2-150x150.jpeg 150w, https:\/\/microbio.world\/wp-content\/uploads\/2024\/01\/WhatsApp-Image-2024-01-08-at-11.05.19-2-768x768.jpeg 768w\" sizes=\"(max-width: 900px) 100vw, 900px\" \/><\/figure>\n\n\n\n<figure class=\"wp-block-image size-large\"><img loading=\"lazy\" decoding=\"async\" width=\"900\" height=\"900\" data-id=\"822\" src=\"https:\/\/microbio.world\/wp-content\/uploads\/2024\/01\/WhatsApp-Image-2024-01-08-at-11.22.31-1.jpeg\" alt=\"\" class=\"wp-image-822\" srcset=\"https:\/\/microbio.world\/wp-content\/uploads\/2024\/01\/WhatsApp-Image-2024-01-08-at-11.22.31-1.jpeg 900w, https:\/\/microbio.world\/wp-content\/uploads\/2024\/01\/WhatsApp-Image-2024-01-08-at-11.22.31-1-300x300.jpeg 300w, https:\/\/microbio.world\/wp-content\/uploads\/2024\/01\/WhatsApp-Image-2024-01-08-at-11.22.31-1-150x150.jpeg 150w, https:\/\/microbio.world\/wp-content\/uploads\/2024\/01\/WhatsApp-Image-2024-01-08-at-11.22.31-1-768x768.jpeg 768w\" sizes=\"(max-width: 900px) 100vw, 900px\" \/><\/figure>\n\n\n\n<figure class=\"wp-block-image size-large\"><img loading=\"lazy\" decoding=\"async\" width=\"747\" height=\"747\" data-id=\"815\" src=\"https:\/\/microbio.world\/wp-content\/uploads\/2024\/01\/WhatsApp-Image-2024-01-08-at-11.23.57.jpeg\" alt=\"\" class=\"wp-image-815\" srcset=\"https:\/\/microbio.world\/wp-content\/uploads\/2024\/01\/WhatsApp-Image-2024-01-08-at-11.23.57.jpeg 747w, https:\/\/microbio.world\/wp-content\/uploads\/2024\/01\/WhatsApp-Image-2024-01-08-at-11.23.57-300x300.jpeg 300w, https:\/\/microbio.world\/wp-content\/uploads\/2024\/01\/WhatsApp-Image-2024-01-08-at-11.23.57-150x150.jpeg 150w\" sizes=\"(max-width: 747px) 100vw, 747px\" \/><\/figure>\n\n\n\n<figure class=\"wp-block-image size-large\"><img loading=\"lazy\" decoding=\"async\" width=\"899\" height=\"900\" data-id=\"806\" src=\"https:\/\/microbio.world\/wp-content\/uploads\/2024\/01\/WhatsApp-Image-2024-01-08-at-11.25.38-1.jpeg\" alt=\"\" class=\"wp-image-806\" srcset=\"https:\/\/microbio.world\/wp-content\/uploads\/2024\/01\/WhatsApp-Image-2024-01-08-at-11.25.38-1.jpeg 899w, https:\/\/microbio.world\/wp-content\/uploads\/2024\/01\/WhatsApp-Image-2024-01-08-at-11.25.38-1-300x300.jpeg 300w, https:\/\/microbio.world\/wp-content\/uploads\/2024\/01\/WhatsApp-Image-2024-01-08-at-11.25.38-1-150x150.jpeg 150w, https:\/\/microbio.world\/wp-content\/uploads\/2024\/01\/WhatsApp-Image-2024-01-08-at-11.25.38-1-768x769.jpeg 768w\" sizes=\"(max-width: 899px) 100vw, 899px\" \/><\/figure>\n\n\n\n<figure class=\"wp-block-image size-large\"><img loading=\"lazy\" decoding=\"async\" width=\"900\" height=\"900\" data-id=\"805\" src=\"https:\/\/microbio.world\/wp-content\/uploads\/2024\/01\/WhatsApp-Image-2024-01-08-at-11.26.21-1.jpeg\" alt=\"\" class=\"wp-image-805\" srcset=\"https:\/\/microbio.world\/wp-content\/uploads\/2024\/01\/WhatsApp-Image-2024-01-08-at-11.26.21-1.jpeg 900w, https:\/\/microbio.world\/wp-content\/uploads\/2024\/01\/WhatsApp-Image-2024-01-08-at-11.26.21-1-300x300.jpeg 300w, https:\/\/microbio.world\/wp-content\/uploads\/2024\/01\/WhatsApp-Image-2024-01-08-at-11.26.21-1-150x150.jpeg 150w, https:\/\/microbio.world\/wp-content\/uploads\/2024\/01\/WhatsApp-Image-2024-01-08-at-11.26.21-1-768x768.jpeg 768w\" sizes=\"(max-width: 900px) 100vw, 900px\" \/><\/figure>\n\n\n\n<figure class=\"wp-block-image size-large\"><img loading=\"lazy\" decoding=\"async\" width=\"747\" height=\"747\" data-id=\"813\" src=\"https:\/\/microbio.world\/wp-content\/uploads\/2024\/01\/WhatsApp-Image-2024-01-08-at-11.30.29.jpeg\" alt=\"\" class=\"wp-image-813\" srcset=\"https:\/\/microbio.world\/wp-content\/uploads\/2024\/01\/WhatsApp-Image-2024-01-08-at-11.30.29.jpeg 747w, https:\/\/microbio.world\/wp-content\/uploads\/2024\/01\/WhatsApp-Image-2024-01-08-at-11.30.29-300x300.jpeg 300w, https:\/\/microbio.world\/wp-content\/uploads\/2024\/01\/WhatsApp-Image-2024-01-08-at-11.30.29-150x150.jpeg 150w\" sizes=\"(max-width: 747px) 100vw, 747px\" \/><\/figure>\n\n\n\n<figure class=\"wp-block-image size-large\"><img loading=\"lazy\" decoding=\"async\" width=\"900\" height=\"900\" data-id=\"811\" src=\"https:\/\/microbio.world\/wp-content\/uploads\/2024\/01\/WhatsApp-Image-2024-01-08-at-11.31.27.jpeg\" alt=\"\" class=\"wp-image-811\" srcset=\"https:\/\/microbio.world\/wp-content\/uploads\/2024\/01\/WhatsApp-Image-2024-01-08-at-11.31.27.jpeg 900w, https:\/\/microbio.world\/wp-content\/uploads\/2024\/01\/WhatsApp-Image-2024-01-08-at-11.31.27-300x300.jpeg 300w, https:\/\/microbio.world\/wp-content\/uploads\/2024\/01\/WhatsApp-Image-2024-01-08-at-11.31.27-150x150.jpeg 150w, https:\/\/microbio.world\/wp-content\/uploads\/2024\/01\/WhatsApp-Image-2024-01-08-at-11.31.27-768x768.jpeg 768w\" sizes=\"(max-width: 900px) 100vw, 900px\" \/><\/figure>\n\n\n\n<figure class=\"wp-block-image size-large\"><img loading=\"lazy\" decoding=\"async\" width=\"777\" height=\"777\" data-id=\"823\" src=\"https:\/\/microbio.world\/wp-content\/uploads\/2024\/01\/WhatsApp-Image-2024-01-08-at-11.34.17.jpeg\" alt=\"\" class=\"wp-image-823\" srcset=\"https:\/\/microbio.world\/wp-content\/uploads\/2024\/01\/WhatsApp-Image-2024-01-08-at-11.34.17.jpeg 777w, https:\/\/microbio.world\/wp-content\/uploads\/2024\/01\/WhatsApp-Image-2024-01-08-at-11.34.17-300x300.jpeg 300w, https:\/\/microbio.world\/wp-content\/uploads\/2024\/01\/WhatsApp-Image-2024-01-08-at-11.34.17-150x150.jpeg 150w, https:\/\/microbio.world\/wp-content\/uploads\/2024\/01\/WhatsApp-Image-2024-01-08-at-11.34.17-768x768.jpeg 768w\" sizes=\"(max-width: 777px) 100vw, 777px\" \/><\/figure>\n\n\n\n<figure class=\"wp-block-image size-large\"><img loading=\"lazy\" decoding=\"async\" width=\"777\" height=\"777\" data-id=\"817\" src=\"https:\/\/microbio.world\/wp-content\/uploads\/2024\/01\/WhatsApp-Image-2024-01-08-at-11.34.40.jpeg\" alt=\"\" class=\"wp-image-817\" srcset=\"https:\/\/microbio.world\/wp-content\/uploads\/2024\/01\/WhatsApp-Image-2024-01-08-at-11.34.40.jpeg 777w, https:\/\/microbio.world\/wp-content\/uploads\/2024\/01\/WhatsApp-Image-2024-01-08-at-11.34.40-300x300.jpeg 300w, https:\/\/microbio.world\/wp-content\/uploads\/2024\/01\/WhatsApp-Image-2024-01-08-at-11.34.40-150x150.jpeg 150w, https:\/\/microbio.world\/wp-content\/uploads\/2024\/01\/WhatsApp-Image-2024-01-08-at-11.34.40-768x768.jpeg 768w\" sizes=\"(max-width: 777px) 100vw, 777px\" \/><\/figure>\n\n\n\n<figure class=\"wp-block-image size-large\"><img loading=\"lazy\" decoding=\"async\" width=\"777\" height=\"777\" data-id=\"820\" src=\"https:\/\/microbio.world\/wp-content\/uploads\/2024\/01\/WhatsApp-Image-2024-01-08-at-11.35.19.jpeg\" alt=\"\" class=\"wp-image-820\" srcset=\"https:\/\/microbio.world\/wp-content\/uploads\/2024\/01\/WhatsApp-Image-2024-01-08-at-11.35.19.jpeg 777w, https:\/\/microbio.world\/wp-content\/uploads\/2024\/01\/WhatsApp-Image-2024-01-08-at-11.35.19-300x300.jpeg 300w, https:\/\/microbio.world\/wp-content\/uploads\/2024\/01\/WhatsApp-Image-2024-01-08-at-11.35.19-150x150.jpeg 150w, https:\/\/microbio.world\/wp-content\/uploads\/2024\/01\/WhatsApp-Image-2024-01-08-at-11.35.19-768x768.jpeg 768w\" sizes=\"(max-width: 777px) 100vw, 777px\" \/><\/figure>\n\n\n\n<figure class=\"wp-block-image size-large\"><img loading=\"lazy\" decoding=\"async\" width=\"778\" height=\"778\" data-id=\"812\" src=\"https:\/\/microbio.world\/wp-content\/uploads\/2024\/01\/WhatsApp-Image-2024-01-08-at-11.39.34.jpeg\" alt=\"\" class=\"wp-image-812\" srcset=\"https:\/\/microbio.world\/wp-content\/uploads\/2024\/01\/WhatsApp-Image-2024-01-08-at-11.39.34.jpeg 778w, https:\/\/microbio.world\/wp-content\/uploads\/2024\/01\/WhatsApp-Image-2024-01-08-at-11.39.34-300x300.jpeg 300w, https:\/\/microbio.world\/wp-content\/uploads\/2024\/01\/WhatsApp-Image-2024-01-08-at-11.39.34-150x150.jpeg 150w, https:\/\/microbio.world\/wp-content\/uploads\/2024\/01\/WhatsApp-Image-2024-01-08-at-11.39.34-768x768.jpeg 768w\" sizes=\"(max-width: 778px) 100vw, 778px\" \/><\/figure>\n\n\n\n<figure class=\"wp-block-image size-large\"><img loading=\"lazy\" decoding=\"async\" width=\"777\" height=\"778\" data-id=\"807\" src=\"https:\/\/microbio.world\/wp-content\/uploads\/2024\/01\/WhatsApp-Image-2024-01-08-at-11.40.07-1.jpeg\" alt=\"\" class=\"wp-image-807\" srcset=\"https:\/\/microbio.world\/wp-content\/uploads\/2024\/01\/WhatsApp-Image-2024-01-08-at-11.40.07-1.jpeg 777w, https:\/\/microbio.world\/wp-content\/uploads\/2024\/01\/WhatsApp-Image-2024-01-08-at-11.40.07-1-300x300.jpeg 300w, https:\/\/microbio.world\/wp-content\/uploads\/2024\/01\/WhatsApp-Image-2024-01-08-at-11.40.07-1-150x150.jpeg 150w, https:\/\/microbio.world\/wp-content\/uploads\/2024\/01\/WhatsApp-Image-2024-01-08-at-11.40.07-1-768x769.jpeg 768w\" sizes=\"(max-width: 777px) 100vw, 777px\" \/><\/figure>\n\n\n\n<figure class=\"wp-block-image size-large\"><img loading=\"lazy\" decoding=\"async\" width=\"777\" height=\"777\" data-id=\"825\" src=\"https:\/\/microbio.world\/wp-content\/uploads\/2024\/01\/WhatsApp-Image-2024-01-08-at-11.41.07.jpeg\" alt=\"\" class=\"wp-image-825\" srcset=\"https:\/\/microbio.world\/wp-content\/uploads\/2024\/01\/WhatsApp-Image-2024-01-08-at-11.41.07.jpeg 777w, https:\/\/microbio.world\/wp-content\/uploads\/2024\/01\/WhatsApp-Image-2024-01-08-at-11.41.07-300x300.jpeg 300w, https:\/\/microbio.world\/wp-content\/uploads\/2024\/01\/WhatsApp-Image-2024-01-08-at-11.41.07-150x150.jpeg 150w, https:\/\/microbio.world\/wp-content\/uploads\/2024\/01\/WhatsApp-Image-2024-01-08-at-11.41.07-768x768.jpeg 768w\" sizes=\"(max-width: 777px) 100vw, 777px\" \/><\/figure>\n\n\n\n<figure class=\"wp-block-image size-large\"><img loading=\"lazy\" decoding=\"async\" width=\"779\" height=\"777\" data-id=\"816\" src=\"https:\/\/microbio.world\/wp-content\/uploads\/2024\/01\/WhatsApp-Image-2024-01-08-at-11.42.21.jpeg\" alt=\"\" class=\"wp-image-816\" srcset=\"https:\/\/microbio.world\/wp-content\/uploads\/2024\/01\/WhatsApp-Image-2024-01-08-at-11.42.21.jpeg 779w, https:\/\/microbio.world\/wp-content\/uploads\/2024\/01\/WhatsApp-Image-2024-01-08-at-11.42.21-300x300.jpeg 300w, https:\/\/microbio.world\/wp-content\/uploads\/2024\/01\/WhatsApp-Image-2024-01-08-at-11.42.21-150x150.jpeg 150w, https:\/\/microbio.world\/wp-content\/uploads\/2024\/01\/WhatsApp-Image-2024-01-08-at-11.42.21-768x766.jpeg 768w\" sizes=\"(max-width: 779px) 100vw, 779px\" \/><\/figure>\n\n\n\n<figure class=\"wp-block-image size-large\"><img loading=\"lazy\" decoding=\"async\" width=\"777\" height=\"777\" data-id=\"809\" src=\"https:\/\/microbio.world\/wp-content\/uploads\/2024\/01\/WhatsApp-Image-2024-01-08-at-11.42.53.jpeg\" alt=\"\" class=\"wp-image-809\" srcset=\"https:\/\/microbio.world\/wp-content\/uploads\/2024\/01\/WhatsApp-Image-2024-01-08-at-11.42.53.jpeg 777w, https:\/\/microbio.world\/wp-content\/uploads\/2024\/01\/WhatsApp-Image-2024-01-08-at-11.42.53-300x300.jpeg 300w, https:\/\/microbio.world\/wp-content\/uploads\/2024\/01\/WhatsApp-Image-2024-01-08-at-11.42.53-150x150.jpeg 150w, https:\/\/microbio.world\/wp-content\/uploads\/2024\/01\/WhatsApp-Image-2024-01-08-at-11.42.53-768x768.jpeg 768w\" sizes=\"(max-width: 777px) 100vw, 777px\" \/><\/figure>\n\n\n\n<figure class=\"wp-block-image size-large\"><img loading=\"lazy\" decoding=\"async\" width=\"777\" height=\"777\" data-id=\"814\" src=\"https:\/\/microbio.world\/wp-content\/uploads\/2024\/01\/WhatsApp-Image-2024-01-08-at-11.43.32.jpeg\" alt=\"\" class=\"wp-image-814\" srcset=\"https:\/\/microbio.world\/wp-content\/uploads\/2024\/01\/WhatsApp-Image-2024-01-08-at-11.43.32.jpeg 777w, https:\/\/microbio.world\/wp-content\/uploads\/2024\/01\/WhatsApp-Image-2024-01-08-at-11.43.32-300x300.jpeg 300w, https:\/\/microbio.world\/wp-content\/uploads\/2024\/01\/WhatsApp-Image-2024-01-08-at-11.43.32-150x150.jpeg 150w, https:\/\/microbio.world\/wp-content\/uploads\/2024\/01\/WhatsApp-Image-2024-01-08-at-11.43.32-768x768.jpeg 768w\" sizes=\"(max-width: 777px) 100vw, 777px\" \/><\/figure>\n\n\n\n<figure class=\"wp-block-image size-large\"><img loading=\"lazy\" decoding=\"async\" width=\"777\" height=\"777\" data-id=\"819\" src=\"https:\/\/microbio.world\/wp-content\/uploads\/2024\/01\/WhatsApp-Image-2024-01-08-at-11.44.29.jpeg\" alt=\"\" class=\"wp-image-819\" srcset=\"https:\/\/microbio.world\/wp-content\/uploads\/2024\/01\/WhatsApp-Image-2024-01-08-at-11.44.29.jpeg 777w, https:\/\/microbio.world\/wp-content\/uploads\/2024\/01\/WhatsApp-Image-2024-01-08-at-11.44.29-300x300.jpeg 300w, https:\/\/microbio.world\/wp-content\/uploads\/2024\/01\/WhatsApp-Image-2024-01-08-at-11.44.29-150x150.jpeg 150w, https:\/\/microbio.world\/wp-content\/uploads\/2024\/01\/WhatsApp-Image-2024-01-08-at-11.44.29-768x768.jpeg 768w\" sizes=\"(max-width: 777px) 100vw, 777px\" \/><\/figure>\n\n\n\n<figure class=\"wp-block-image size-large\"><img loading=\"lazy\" decoding=\"async\" width=\"777\" height=\"777\" data-id=\"821\" src=\"https:\/\/microbio.world\/wp-content\/uploads\/2024\/01\/WhatsApp-Image-2024-01-08-at-11.45.27.jpeg\" alt=\"\" class=\"wp-image-821\" srcset=\"https:\/\/microbio.world\/wp-content\/uploads\/2024\/01\/WhatsApp-Image-2024-01-08-at-11.45.27.jpeg 777w, https:\/\/microbio.world\/wp-content\/uploads\/2024\/01\/WhatsApp-Image-2024-01-08-at-11.45.27-300x300.jpeg 300w, https:\/\/microbio.world\/wp-content\/uploads\/2024\/01\/WhatsApp-Image-2024-01-08-at-11.45.27-150x150.jpeg 150w, https:\/\/microbio.world\/wp-content\/uploads\/2024\/01\/WhatsApp-Image-2024-01-08-at-11.45.27-768x768.jpeg 768w\" sizes=\"(max-width: 777px) 100vw, 777px\" \/><\/figure>\n\n\n\n<figure class=\"wp-block-image size-large\"><img loading=\"lazy\" decoding=\"async\" width=\"1024\" height=\"1024\" data-id=\"824\" src=\"https:\/\/microbio.world\/wp-content\/uploads\/2024\/01\/WhatsApp-Image-2024-01-08-at-11.46.29-1024x1024.jpeg\" alt=\"\" class=\"wp-image-824\" srcset=\"https:\/\/microbio.world\/wp-content\/uploads\/2024\/01\/WhatsApp-Image-2024-01-08-at-11.46.29-1024x1024.jpeg 1024w, https:\/\/microbio.world\/wp-content\/uploads\/2024\/01\/WhatsApp-Image-2024-01-08-at-11.46.29-300x300.jpeg 300w, https:\/\/microbio.world\/wp-content\/uploads\/2024\/01\/WhatsApp-Image-2024-01-08-at-11.46.29-150x150.jpeg 150w, https:\/\/microbio.world\/wp-content\/uploads\/2024\/01\/WhatsApp-Image-2024-01-08-at-11.46.29-768x768.jpeg 768w, https:\/\/microbio.world\/wp-content\/uploads\/2024\/01\/WhatsApp-Image-2024-01-08-at-11.46.29.jpeg 1200w\" sizes=\"(max-width: 1024px) 100vw, 1024px\" \/><\/figure>\n<\/figure>\n\n\n\n<p class=\"has-luminous-vivid-orange-color has-text-color has-small-font-size\">imagens by esfera photographs\u00ae<\/p>\n","protected":false},"excerpt":{"rendered":"<p>O ativo natural mais poderoso deste planeta azul \u00e9 o seu microbioma, e na extrema biodiversidade da Mata Atl\u00e2ntica brasileira reside o seu maior reposit\u00f3rio. Mas o microbioma \u00e9 invis\u00edvel. MicroBio.World\u00ae, empreendimento que extrai produtos desta magn\u00edfica for\u00e7a transformadora da Terra, lan\u00e7a uma ideia jovem que visa n\u00e3o s\u00f3 torn\u00e1-la vis\u00edvel, mas tamb\u00e9m transport\u00e1-la para &hellip; <\/p>\n<p class=\"link-more\"><a href=\"https:\/\/microbio.world\/index.php\/a-casa-microbioma\/\" class=\"more-link\">Leia mais<span class=\"screen-reader-text\"> &#8220;Casa Microbioma\u00ae&#8221;<\/span><\/a><\/p>\n","protected":false},"author":1,"featured_media":0,"parent":0,"menu_order":0,"comment_status":"closed","ping_status":"closed","template":"","meta":{"footnotes":""},"_links":{"self":[{"href":"https:\/\/microbio.world\/index.php\/wp-json\/wp\/v2\/pages\/705"}],"collection":[{"href":"https:\/\/microbio.world\/index.php\/wp-json\/wp\/v2\/pages"}],"about":[{"href":"https:\/\/microbio.world\/index.php\/wp-json\/wp\/v2\/types\/page"}],"author":[{"embeddable":true,"href":"https:\/\/microbio.world\/index.php\/wp-json\/wp\/v2\/users\/1"}],"replies":[{"embeddable":true,"href":"https:\/\/microbio.world\/index.php\/wp-json\/wp\/v2\/comments?post=705"}],"version-history":[{"count":7,"href":"https:\/\/microbio.world\/index.php\/wp-json\/wp\/v2\/pages\/705\/revisions"}],"predecessor-version":[{"id":988,"href":"https:\/\/microbio.world\/index.php\/wp-json\/wp\/v2\/pages\/705\/revisions\/988"}],"wp:attachment":[{"href":"https:\/\/microbio.world\/index.php\/wp-json\/wp\/v2\/media?parent=705"}],"curies":[{"name":"wp","href":"https:\/\/api.w.org\/{rel}","templated":true}]}}