{"id":773,"date":"2023-10-24T13:24:41","date_gmt":"2023-10-24T13:24:41","guid":{"rendered":"https:\/\/microbio.world\/?page_id=773"},"modified":"2024-01-16T12:23:59","modified_gmt":"2024-01-16T12:23:59","slug":"pitch-deck","status":"publish","type":"page","link":"https:\/\/microbio.world\/index.php\/pitch-deck\/","title":{"rendered":"Sa\u00fade Humana"},"content":{"rendered":"\n<p class=\"has-luminous-vivid-amber-color has-text-color\" style=\"font-size:19px\"><strong>Bem-Estar &amp; Fitness<\/strong><\/p>\n\n\n\n<p class=\"has-cyan-bluish-gray-color has-text-color\" style=\"font-size:16px\"><strong>MbW Drink\u00ae \u00e9 um produto em desenvolvimento e testes, que incorpora o nosso <strong>MbW Base\u00ae. Trata-se de um suplemento alimentar inovador, saboroso, leve, de excepcional valor nutritivo<\/strong><\/strong>, <strong>especialmente indicado para a redu\u00e7\u00e3o dos efeitos do stress f\u00edsico ou emocional, e para os praticantes de atividades f\u00edsicas e esportivas, e artes marciais. <\/strong><\/p>\n\n\n\n<figure class=\"wp-block-gallery has-nested-images columns-default is-cropped wp-block-gallery-1 is-layout-flex wp-block-gallery-is-layout-flex\">\n<figure class=\"wp-block-image size-large\"><img loading=\"lazy\" decoding=\"async\" width=\"1024\" height=\"1024\" data-id=\"1002\" src=\"https:\/\/microbio.world\/wp-content\/uploads\/2024\/01\/esfera.br_close_lateral_view_a_pretty_stressed_middle-aged_woma_43a5242c-c55a-45ef-b278-c0af79858c39.png\" alt=\"\" class=\"wp-image-1002\" srcset=\"https:\/\/microbio.world\/wp-content\/uploads\/2024\/01\/esfera.br_close_lateral_view_a_pretty_stressed_middle-aged_woma_43a5242c-c55a-45ef-b278-c0af79858c39.png 1024w, https:\/\/microbio.world\/wp-content\/uploads\/2024\/01\/esfera.br_close_lateral_view_a_pretty_stressed_middle-aged_woma_43a5242c-c55a-45ef-b278-c0af79858c39-300x300.png 300w, https:\/\/microbio.world\/wp-content\/uploads\/2024\/01\/esfera.br_close_lateral_view_a_pretty_stressed_middle-aged_woma_43a5242c-c55a-45ef-b278-c0af79858c39-150x150.png 150w, https:\/\/microbio.world\/wp-content\/uploads\/2024\/01\/esfera.br_close_lateral_view_a_pretty_stressed_middle-aged_woma_43a5242c-c55a-45ef-b278-c0af79858c39-768x768.png 768w\" sizes=\"(max-width: 1024px) 100vw, 1024px\" \/><\/figure>\n\n\n\n<figure class=\"wp-block-image size-large\"><img loading=\"lazy\" decoding=\"async\" width=\"1024\" height=\"1024\" data-id=\"1001\" src=\"https:\/\/microbio.world\/wp-content\/uploads\/2024\/01\/esfera.br_lateral_view_of_two_strong_young_man_fighting_jiu-jit_9a7081da-894b-402d-b640-020b72691d77.png\" alt=\"\" class=\"wp-image-1001\" srcset=\"https:\/\/microbio.world\/wp-content\/uploads\/2024\/01\/esfera.br_lateral_view_of_two_strong_young_man_fighting_jiu-jit_9a7081da-894b-402d-b640-020b72691d77.png 1024w, https:\/\/microbio.world\/wp-content\/uploads\/2024\/01\/esfera.br_lateral_view_of_two_strong_young_man_fighting_jiu-jit_9a7081da-894b-402d-b640-020b72691d77-300x300.png 300w, https:\/\/microbio.world\/wp-content\/uploads\/2024\/01\/esfera.br_lateral_view_of_two_strong_young_man_fighting_jiu-jit_9a7081da-894b-402d-b640-020b72691d77-150x150.png 150w, https:\/\/microbio.world\/wp-content\/uploads\/2024\/01\/esfera.br_lateral_view_of_two_strong_young_man_fighting_jiu-jit_9a7081da-894b-402d-b640-020b72691d77-768x768.png 768w\" sizes=\"(max-width: 1024px) 100vw, 1024px\" \/><\/figure>\n<\/figure>\n\n\n\n<p class=\"has-cyan-bluish-gray-color has-text-color\" style=\"font-size:16px\"><strong>Um produto \u00fanico, sem equivalente. Breve na sua academia, delicatessen, e lojas de produtos naturais e org\u00e2nicos. <\/strong><\/p>\n\n\n\n<figure class=\"wp-block-image size-full\"><img loading=\"lazy\" decoding=\"async\" width=\"1024\" height=\"1024\" src=\"https:\/\/microbio.world\/wp-content\/uploads\/2024\/01\/esfera.br_lateral_view_of_a_sweating_beautiful_young_woman_in_s_9a53aca2-a3dc-4f8f-988a-764acc7c87b3.png\" alt=\"\" class=\"wp-image-1003\" srcset=\"https:\/\/microbio.world\/wp-content\/uploads\/2024\/01\/esfera.br_lateral_view_of_a_sweating_beautiful_young_woman_in_s_9a53aca2-a3dc-4f8f-988a-764acc7c87b3.png 1024w, https:\/\/microbio.world\/wp-content\/uploads\/2024\/01\/esfera.br_lateral_view_of_a_sweating_beautiful_young_woman_in_s_9a53aca2-a3dc-4f8f-988a-764acc7c87b3-300x300.png 300w, https:\/\/microbio.world\/wp-content\/uploads\/2024\/01\/esfera.br_lateral_view_of_a_sweating_beautiful_young_woman_in_s_9a53aca2-a3dc-4f8f-988a-764acc7c87b3-150x150.png 150w, https:\/\/microbio.world\/wp-content\/uploads\/2024\/01\/esfera.br_lateral_view_of_a_sweating_beautiful_young_woman_in_s_9a53aca2-a3dc-4f8f-988a-764acc7c87b3-768x768.png 768w\" sizes=\"(max-width: 1024px) 100vw, 1024px\" \/><\/figure>\n\n\n\n<p class=\"has-text-align-center has-luminous-vivid-amber-color has-text-color\" style=\"font-size:40px\"><strong>. . . <\/strong><\/p>\n\n\n\n<p class=\"has-luminous-vivid-amber-color has-text-color\" style=\"font-size:19px\"><strong>Medicina<\/strong><\/p>\n\n\n\n<p class=\"has-cyan-bluish-gray-color has-text-color has-link-color wp-elements-e7f9b47f13ff70671ecbd422aa2fc008\" style=\"font-size:16px\"><strong>O uso de probi\u00f3ticos na pr\u00e1tica cl\u00ednica cresce de forma exponencial em todo o mundo. Quase a metade dos m\u00e9dicos mais jovens prescreve probi\u00f3ticos rotineiramente, e o n\u00famero de prescritores entre m\u00e9dicos mais experientes cresce a cada dia. <\/strong><\/p>\n\n\n\n<figure class=\"wp-block-image size-full\"><img loading=\"lazy\" decoding=\"async\" width=\"1024\" height=\"1024\" src=\"https:\/\/microbio.world\/wp-content\/uploads\/2024\/01\/esfera.br_lateral_view_of_a_handsome_afrodescendent_doctor_with_570f2d29-a2f3-4335-9ad5-cac9aa0e1350.png\" alt=\"\" class=\"wp-image-1006\" srcset=\"https:\/\/microbio.world\/wp-content\/uploads\/2024\/01\/esfera.br_lateral_view_of_a_handsome_afrodescendent_doctor_with_570f2d29-a2f3-4335-9ad5-cac9aa0e1350.png 1024w, https:\/\/microbio.world\/wp-content\/uploads\/2024\/01\/esfera.br_lateral_view_of_a_handsome_afrodescendent_doctor_with_570f2d29-a2f3-4335-9ad5-cac9aa0e1350-300x300.png 300w, https:\/\/microbio.world\/wp-content\/uploads\/2024\/01\/esfera.br_lateral_view_of_a_handsome_afrodescendent_doctor_with_570f2d29-a2f3-4335-9ad5-cac9aa0e1350-150x150.png 150w, https:\/\/microbio.world\/wp-content\/uploads\/2024\/01\/esfera.br_lateral_view_of_a_handsome_afrodescendent_doctor_with_570f2d29-a2f3-4335-9ad5-cac9aa0e1350-768x768.png 768w\" sizes=\"(max-width: 1024px) 100vw, 1024px\" \/><\/figure>\n\n\n\n<p class=\"has-cyan-bluish-gray-color has-text-color has-link-color wp-elements-5f7ad360a39bccda0fb232f617eab2b4\" style=\"font-size:16px\"><strong>O nosso pipeline inclui o desenvolvimento de super probi\u00f3ticos oriundos da mata brasileira. <\/strong><\/p>\n\n\n\n<p class=\"has-cyan-bluish-gray-color has-text-color has-link-color wp-elements-0476c2d419de84586d415af446ebda7e\" style=\"font-size:16px\"><strong>O processo de licen\u00e7a, testes, valida\u00e7\u00e3o e adequa\u00e7\u00e3o legal para produtos funcionais e probi\u00f3ticos \u00e9 um pouco mais lento; mas uma vez conclu\u00eddo, teremos um produto inigual\u00e1vel.<\/strong><\/p>\n\n\n\n<p class=\"has-pale-cyan-blue-color has-text-color has-link-color wp-elements-f3a438b21cc608ec9ed0c4e35281a98a\" style=\"font-size:10px\">Respons\u00e1vel T\u00e9cnico: Dr. E. F. Ramos | CRM 6302BA<strong> <\/strong><\/p>\n\n\n\n<p><\/p>\n","protected":false},"excerpt":{"rendered":"<p>Bem-Estar &amp; Fitness MbW Drink\u00ae \u00e9 um produto em desenvolvimento e testes, que incorpora o nosso MbW Base\u00ae. Trata-se de um suplemento alimentar inovador, saboroso, leve, de excepcional valor nutritivo, especialmente indicado para a redu\u00e7\u00e3o dos efeitos do stress f\u00edsico ou emocional, e para os praticantes de atividades f\u00edsicas e esportivas, e artes marciais. Um &hellip; <\/p>\n<p class=\"link-more\"><a href=\"https:\/\/microbio.world\/index.php\/pitch-deck\/\" class=\"more-link\">Leia mais<span class=\"screen-reader-text\"> &#8220;Sa\u00fade Humana&#8221;<\/span><\/a><\/p>\n","protected":false},"author":1,"featured_media":0,"parent":0,"menu_order":0,"comment_status":"closed","ping_status":"closed","template":"","meta":{"footnotes":""},"_links":{"self":[{"href":"https:\/\/microbio.world\/index.php\/wp-json\/wp\/v2\/pages\/773"}],"collection":[{"href":"https:\/\/microbio.world\/index.php\/wp-json\/wp\/v2\/pages"}],"about":[{"href":"https:\/\/microbio.world\/index.php\/wp-json\/wp\/v2\/types\/page"}],"author":[{"embeddable":true,"href":"https:\/\/microbio.world\/index.php\/wp-json\/wp\/v2\/users\/1"}],"replies":[{"embeddable":true,"href":"https:\/\/microbio.world\/index.php\/wp-json\/wp\/v2\/comments?post=773"}],"version-history":[{"count":12,"href":"https:\/\/microbio.world\/index.php\/wp-json\/wp\/v2\/pages\/773\/revisions"}],"predecessor-version":[{"id":1014,"href":"https:\/\/microbio.world\/index.php\/wp-json\/wp\/v2\/pages\/773\/revisions\/1014"}],"wp:attachment":[{"href":"https:\/\/microbio.world\/index.php\/wp-json\/wp\/v2\/media?parent=773"}],"curies":[{"name":"wp","href":"https:\/\/api.w.org\/{rel}","templated":true}]}}